{"id":289,"date":"2024-06-05T11:33:30","date_gmt":"2024-06-05T11:33:30","guid":{"rendered":"https:\/\/pelsanpelet.com.tr\/?page_id=289"},"modified":"2024-06-05T11:33:30","modified_gmt":"2024-06-05T11:33:30","slug":"kvkk-aydinlatma-metni","status":"publish","type":"page","link":"https:\/\/pelsanpelet.com.tr\/ro\/kvkk-aydinlatma-metni\/","title":{"rendered":"Notificare GDPR"},"content":{"rendered":"<p>Stimate vizitator,<\/p>\n\n\n\n<p>Pelsan Pelet Industrie \u0219i Comer\u021b Societate pe Ac\u021biuni (\"Compania\") acord\u0103 o mare importan\u021b\u0103 respect\u0103rii \u0219i protec\u021biei vie\u021bii private a clien\u021bilor s\u0103i \u0219i a vizitatorilor site-ului web. Prin urmare, \u00een calitate de Companie, lu\u0103m m\u0103surile necesare pentru a procesa \u0219i proteja datele dumneavoastr\u0103 personale \u00een conformitate cu Legea privind protec\u021bia datelor cu caracter personal (KVKK).<\/p>\n\n\n\n<p>\u00cen cadrul KVKK (Legea privind Protec\u021bia Datelor cu Caracter Personal), dorim s\u0103 v\u0103 inform\u0103m cu privire la urm\u0103toarele \u00een leg\u0103tur\u0103 cu prelucrarea, stocarea \u0219i securitatea datelor dumneavoastr\u0103 personale:<\/p>\n\n\n\n<p>Responsabil cu datele: Datele dumneavoastr\u0103 personale vor fi prelucrate de c\u0103tre Compania Pelsan Pellet Industrie \u0219i Comer\u021b Societate pe Ac\u021biuni conform scopurilor specificate \u00een prezentul document.<\/p>\n\n\n\n<p>Scopuri de prelucrare a datelor cu caracter personal: Datele dvs. personale vor fi prelucrate pentru a r\u0103spunde solicit\u0103rilor pe care le transmite\u021bi prin intermediul site-ului nostru web, pentru a comunica cu dumneavoastr\u0103 \u0219i pentru a colabora. \u00cen plus, ele pot fi utilizate pentru a v\u0103 oferi informa\u021bii despre produsele \u0219i serviciile noastre \u00een conformitate cu solicit\u0103rile dvs.<\/p>\n\n\n\n<p>Perioada de prelucrare a datelor cu caracter personal: Datele dumneavoastr\u0103 personale vor fi stocate pentru perioadele specificate conform legisla\u021biei relevante \u0219i scopului prelucr\u0103rii.<\/p>\n\n\n\n<p>Drepturile persoanei vizate: \u00cen conformitate cu KVKK, \u00een calitate de persoane vizate, ave\u021bi anumite drepturi referitoare la prelucrarea datelor dumneavoastr\u0103 cu caracter personal. Pute\u021bi utiliza canalele de contact furnizate \u00een sec\u021biunea Informa\u021bii de Contact ale Companiei pentru a exercita aceste drepturi.<\/p>\n\n\n\n<p>Securitatea datelor cu caracter personal: Au fost luate m\u0103suri tehnice \u0219i administrative necesare pentru asigurarea securit\u0103\u021bii datelor dumneavoastr\u0103 cu caracter personal, \u0219i sunt \u00een vigoare precau\u021bii pentru a preveni accesul, utilizarea sau divulgarea neautorizat\u0103 a datelor dumneavoastr\u0103 personale.<\/p>\n\n\n\n<p>Cookie-uri: Pute\u021bi g\u0103si informa\u021bii detaliate despre utilizarea cookie-urilor atunci c\u00e2nd vizita\u021bi site-ul nostru \u00een sec\u021biunea Politica de Cookie-uri.<\/p>\n\n\n\n<p>Pentru a ob\u021bine mai multe informa\u021bii despre prelucrarea datelor dumneavoastr\u0103 cu caracter personal sau pentru a v\u0103 exercita drepturile conform KVKK, v\u0103 rug\u0103m s\u0103 ne contacta\u021bi.<\/p>\n\n\n\n<p>Cu stim\u0103,<\/p>","protected":false},"excerpt":{"rendered":"<p>Say\u0131n Ziyaret\u00e7i, Pelsan Pelet Sanayi ve Ticaret Anonim \u015eirketi (&#8220;\u015eirket&#8221;), m\u00fc\u015fterilerinin ve web sitesi ziyaret\u00e7ilerinin ki\u015fisel verilerinin gizlili\u011fini \u00f6nemsemekte ve korumakta b\u00fcy\u00fck bir hassasiyet g\u00f6stermektedir. Bu nedenle, \u015eirket olarak, KVKK kapsam\u0131nda ki\u015fisel verilerinizi i\u015flemek ve korumak i\u00e7in gerekli \u00f6nlemleri almaktay\u0131z. KVKK kapsam\u0131nda, ki\u015fisel verilerinizin i\u015flenmesi, saklanmas\u0131 ve g\u00fcvenli\u011fine ili\u015fkin olarak a\u015fa\u011f\u0131daki hususlar\u0131 bilmenizi isteriz: Veri [&hellip;]<\/p>","protected":false},"author":2,"featured_media":0,"parent":0,"menu_order":0,"comment_status":"closed","ping_status":"closed","template":"","meta":{"footnotes":""},"class_list":["post-289","page","type-page","status-publish","hentry"],"_links":{"self":[{"href":"https:\/\/pelsanpelet.com.tr\/ro\/wp-json\/wp\/v2\/pages\/289","targetHints":{"allow":["GET"]}}],"collection":[{"href":"https:\/\/pelsanpelet.com.tr\/ro\/wp-json\/wp\/v2\/pages"}],"about":[{"href":"https:\/\/pelsanpelet.com.tr\/ro\/wp-json\/wp\/v2\/types\/page"}],"author":[{"embeddable":true,"href":"https:\/\/pelsanpelet.com.tr\/ro\/wp-json\/wp\/v2\/users\/2"}],"replies":[{"embeddable":true,"href":"https:\/\/pelsanpelet.com.tr\/ro\/wp-json\/wp\/v2\/comments?post=289"}],"version-history":[{"count":1,"href":"https:\/\/pelsanpelet.com.tr\/ro\/wp-json\/wp\/v2\/pages\/289\/revisions"}],"predecessor-version":[{"id":290,"href":"https:\/\/pelsanpelet.com.tr\/ro\/wp-json\/wp\/v2\/pages\/289\/revisions\/290"}],"wp:attachment":[{"href":"https:\/\/pelsanpelet.com.tr\/ro\/wp-json\/wp\/v2\/media?parent=289"}],"curies":[{"name":"wp","href":"https:\/\/api.w.org\/{rel}","templated":true}]}}