{"id":233,"date":"2024-05-31T06:04:51","date_gmt":"2024-05-31T06:04:51","guid":{"rendered":"https:\/\/pelsanpelet.com.tr\/?page_id=233"},"modified":"2024-06-11T08:14:40","modified_gmt":"2024-06-11T08:14:40","slug":"kurumsal","status":"publish","type":"page","link":"https:\/\/pelsanpelet.com.tr\/ro\/kurumsal\/","title":{"rendered":"Despre noi"},"content":{"rendered":"<div data-elementor-type=\"wp-page\" data-elementor-id=\"233\" class=\"elementor elementor-233\" data-elementor-post-type=\"page\">\n\t\t\t\t\t\t<section class=\"elementor-section elementor-top-section elementor-element elementor-element-1636c56c elementor-section-boxed elementor-section-height-default elementor-section-height-default\" data-id=\"1636c56c\" data-element_type=\"section\" data-settings=\"{&quot;background_background&quot;:&quot;classic&quot;}\">\n\t\t\t\t\t\t\t<div class=\"elementor-background-overlay\"><\/div>\n\t\t\t\t\t\t\t<div class=\"elementor-container elementor-column-gap-default\">\n\t\t\t\t\t<div class=\"elementor-column elementor-col-100 elementor-top-column elementor-element elementor-element-64ed06fb\" data-id=\"64ed06fb\" data-element_type=\"column\">\n\t\t\t<div class=\"elementor-widget-wrap elementor-element-populated\">\n\t\t\t\t\t\t<div class=\"elementor-element elementor-element-2ae7282d elementor-invisible elementor-widget elementor-widget-heading\" data-id=\"2ae7282d\" data-element_type=\"widget\" data-settings=\"{&quot;_animation&quot;:&quot;fadeInUp&quot;}\" data-widget_type=\"heading.default\">\n\t\t\t\t<div class=\"elementor-widget-container\">\n\t\t\t<style>\/*! elementor - v3.20.0 - 11-03-2024 *\/\n.elementor-heading-title{padding:0;margin:0;line-height:1}.elementor-widget-heading .elementor-heading-title[class*=elementor-size-]>a{color:inherit;font-size:inherit;line-height:inherit}.elementor-widget-heading .elementor-heading-title.elementor-size-small{font-size:15px}.elementor-widget-heading .elementor-heading-title.elementor-size-medium{font-size:19px}.elementor-widget-heading .elementor-heading-title.elementor-size-large{font-size:29px}.elementor-widget-heading .elementor-heading-title.elementor-size-xl{font-size:39px}.elementor-widget-heading .elementor-heading-title.elementor-size-xxl{font-size:59px}<\/style><h1 class=\"elementor-heading-title elementor-size-default\">Despre noi<\/h1>\t\t<\/div>\n\t\t\t\t<\/div>\n\t\t\t\t\t<\/div>\n\t\t<\/div>\n\t\t\t\t\t<\/div>\n\t\t<\/section>\n\t\t\t\t<section class=\"elementor-section elementor-top-section elementor-element elementor-element-49d9ce2d elementor-section-boxed elementor-section-height-default elementor-section-height-default\" data-id=\"49d9ce2d\" data-element_type=\"section\" data-settings=\"{&quot;background_background&quot;:&quot;classic&quot;}\">\n\t\t\t\t\t\t\t<div class=\"elementor-background-overlay\"><\/div>\n\t\t\t\t\t\t\t<div class=\"elementor-container elementor-column-gap-default\">\n\t\t\t\t\t<div class=\"elementor-column elementor-col-100 elementor-top-column elementor-element elementor-element-62ad9d15\" data-id=\"62ad9d15\" data-element_type=\"column\">\n\t\t\t<div class=\"elementor-widget-wrap elementor-element-populated\">\n\t\t\t\t\t\t<div class=\"elementor-element elementor-element-432d966e elementor-widget elementor-widget-heading\" data-id=\"432d966e\" data-element_type=\"widget\" data-widget_type=\"heading.default\">\n\t\t\t\t<div class=\"elementor-widget-container\">\n\t\t\t<h2 class=\"elementor-heading-title elementor-size-default\">Pelsan Pellet Industrie \u0219i Comer\u021b S.A. <\/h2>\t\t<\/div>\n\t\t\t\t<\/div>\n\t\t\t\t<div class=\"elementor-element elementor-element-433ff37f elementor-widget elementor-widget-text-editor\" data-id=\"433ff37f\" data-element_type=\"widget\" data-widget_type=\"text-editor.default\">\n\t\t\t\t<div class=\"elementor-widget-container\">\n\t\t\t<style>\/*! elementor - v3.20.0 - 11-03-2024 *\/\n.elementor-widget-text-editor.elementor-drop-cap-view-stacked .elementor-drop-cap{background-color:#69727d;color:#fff}.elementor-widget-text-editor.elementor-drop-cap-view-framed .elementor-drop-cap{color:#69727d;border:3px solid;background-color:transparent}.elementor-widget-text-editor:not(.elementor-drop-cap-view-default) .elementor-drop-cap{margin-top:8px}.elementor-widget-text-editor:not(.elementor-drop-cap-view-default) .elementor-drop-cap-letter{width:1em;height:1em}.elementor-widget-text-editor .elementor-drop-cap{float:left;text-align:center;line-height:1;font-size:50px}.elementor-widget-text-editor .elementor-drop-cap-letter{display:inline-block}<\/style>\t\t\t\t<p>\u00cenfiin\u021bat\u0103 \u00een 2022, Pelsan Pellet Industrie \u0219i Comer\u021b S.A. opereaz\u0103 cu o capacitate anual\u0103 de produc\u021bie de 11.400 tone de pele\u021bi.<\/p><p>Pe m\u0103sur\u0103 ce sustenabilitatea \u0219i con\u0219tientizarea mediului devin din ce \u00een ce mai importante, produc\u021bia a \u00eenceput cu scopul de a satisface nevoile de \u00eenc\u0103lzire \u00een timp ce \u00ee\u0219i propune s\u0103 conserve resursele naturale.<\/p><p>Suntem aici pentru a oferi solu\u021bia pe care o c\u0103uta\u021bi, asigur\u00e2nd o \u00eenc\u0103lzire confortabil\u0103 f\u0103r\u0103 a d\u0103una mediului \u00eenconjur\u0103tor. Compania Pelsan Pellet este specializat\u0103 \u00een produc\u021bia de combustibil pelet, o surs\u0103 de energie regenerabil\u0103.<\/p><p>Peletele ob\u021binute din reciclarea lemnului de\u0219eu \u0219i a biomaterialelor asigur\u0103 o eficien\u021b\u0103 \u00eenalt\u0103 a \u00eenc\u0103lzirii \u0219i minimizeaz\u0103 amprenta de carbon.<\/p><p>Pot fi folosite at\u00e2t \u00een case c\u00e2t \u0219i \u00een afaceri comerciale, \u0219i comparativ cu combustibilii fosili tradi\u021bionali, reduc semnificativ impactul asupra mediului.<\/p><p>Produsele noastre sunt de \u00eenalt\u0103 calitate, respect\u00e2nd standarde stricte \u00een eficien\u021b\u0103 \u0219i fiabilitate. Ca \u0219i Pelsan Pellet, mereu prioritiz\u0103m sensibilitatea noastr\u0103 fa\u021b\u0103 de mediu \u0219i angajamentul fa\u021b\u0103 de serviciile de calitate.<\/p><p>Misiunea noastr\u0103 este s\u0103 \u00eembun\u0103t\u0103\u021bim calitatea vie\u021bii clien\u021bilor no\u0219tri oferindu-le solu\u021bii de \u00eenc\u0103lzire ecologice, economice \u0219i fiabile.<\/p><p>Dac\u0103 c\u0103uta\u021bi o solu\u021bie de \u00eenc\u0103lzire prietenoas\u0103 cu mediul \u00eenconjur\u0103tor, compania Pelsan Pellet este preg\u0103tit\u0103 s\u0103 v\u0103 ofere cea mai bun\u0103 serviciu. Peletele cu con\u021binut de cenu\u0219\u0103 de doar 0.5% sunt at\u00e2t economice, c\u00e2t \u0219i prietenoase cu mediul \u00eenconjur\u0103tor. Arderea a 100 kg de pelete produce doar 0.5 kg de cenu\u0219\u0103 \u00een medie.<\/p>\t\t\t\t\t\t<\/div>\n\t\t\t\t<\/div>\n\t\t\t\t\t<\/div>\n\t\t<\/div>\n\t\t\t\t\t<\/div>\n\t\t<\/section>\n\t\t\t\t<\/div>","protected":false},"excerpt":{"rendered":"<p>Pelsan Pelet ve Sanayi Ticaret A.\u015f 2022 y\u0131l\u0131nda kurulan Pelsan Pelet ve Sanayi Ticaret A.\u015f ; Y\u0131ll\u0131k 11.400 Ton Pelet \u00fcretimi kapasitesiyle hizmet vermektedir. S\u00fcrd\u00fcr\u00fclebilirlik ve \u00e7evresel bilin\u00e7 giderek daha \u00f6nemli hale gelirken, \u0131s\u0131tma ihtiya\u00e7lar\u0131n\u0131z\u0131 kar\u015f\u0131larken do\u011fal kaynaklar\u0131 korumak amac\u0131yla \u00fcretime ba\u015flam\u0131\u015ft\u0131r. Arad\u0131\u011f\u0131n\u0131z \u00e7\u00f6z\u00fcm\u00fc sunan , do\u011faya zarar vermeden konforlu bir \u0131s\u0131nma sa\u011flamak i\u00e7in buraday\u0131z. [&hellip;]<\/p>","protected":false},"author":2,"featured_media":0,"parent":0,"menu_order":0,"comment_status":"closed","ping_status":"closed","template":"","meta":{"footnotes":""},"class_list":["post-233","page","type-page","status-publish","hentry"],"_links":{"self":[{"href":"https:\/\/pelsanpelet.com.tr\/ro\/wp-json\/wp\/v2\/pages\/233","targetHints":{"allow":["GET"]}}],"collection":[{"href":"https:\/\/pelsanpelet.com.tr\/ro\/wp-json\/wp\/v2\/pages"}],"about":[{"href":"https:\/\/pelsanpelet.com.tr\/ro\/wp-json\/wp\/v2\/types\/page"}],"author":[{"embeddable":true,"href":"https:\/\/pelsanpelet.com.tr\/ro\/wp-json\/wp\/v2\/users\/2"}],"replies":[{"embeddable":true,"href":"https:\/\/pelsanpelet.com.tr\/ro\/wp-json\/wp\/v2\/comments?post=233"}],"version-history":[{"count":14,"href":"https:\/\/pelsanpelet.com.tr\/ro\/wp-json\/wp\/v2\/pages\/233\/revisions"}],"predecessor-version":[{"id":353,"href":"https:\/\/pelsanpelet.com.tr\/ro\/wp-json\/wp\/v2\/pages\/233\/revisions\/353"}],"wp:attachment":[{"href":"https:\/\/pelsanpelet.com.tr\/ro\/wp-json\/wp\/v2\/media?parent=233"}],"curies":[{"name":"wp","href":"https:\/\/api.w.org\/{rel}","templated":true}]}}