{"id":289,"date":"2024-06-05T11:33:30","date_gmt":"2024-06-05T11:33:30","guid":{"rendered":"https:\/\/pelsanpelet.com.tr\/?page_id=289"},"modified":"2024-06-05T11:33:30","modified_gmt":"2024-06-05T11:33:30","slug":"kvkk-aydinlatma-metni","status":"publish","type":"page","link":"https:\/\/pelsanpelet.com.tr\/en\/kvkk-aydinlatma-metni\/","title":{"rendered":"GDPR Information Notice"},"content":{"rendered":"<p>Dear Visitor,<\/p>\n\n\n\n<p>Pelsan Pellet Industry and Trade Joint Stock Company (\"Company\") places great importance on respecting and protecting the privacy of its customers and website visitors. Therefore, as a Company, we take necessary measures to process and protect your personal data in accordance with the Personal Data Protection Law (KVKK).<\/p>\n\n\n\n<p>Under the scope of KVKK (Ki\u015fisel Verilerin Korunmas\u0131 Kanunu), we would like you to be informed about the following regarding the processing, storage, and security of your personal data:<\/p>\n\n\n\n<p>Data Controller: Your personal data will be processed by Pelsan Pellet Industry and Trade Joint Stock Company for the purposes stated in this document.<\/p>\n\n\n\n<p>Processing Purposes of Personal Data: Your personal data will be processed to respond to the requests you submit through our website, to communicate with you, and to collaborate with you. Additionally, they may be used to provide you with information about our products and services according to your requests.<\/p>\n\n\n\n<p>Personal Data Processing Period: Your personal data will be stored within the periods determined by the relevant legislation and the purpose of processing.<\/p>\n\n\n\n<p>Rights of the Data Subject: Under KVKK, as data subjects, you have certain rights regarding the processing of your personal data. You can use the contact channels provided in the Company Contact Information section to exercise these rights.<\/p>\n\n\n\n<p>Personal Data Security: Necessary technical and administrative measures have been taken to ensure the security of your personal data, and precautions are in place to prevent unauthorized access, use, or disclosure of your personal data<\/p>\n\n\n\n<p>Cookies: You can find detailed information about the use of cookies when you visit our website in the Cookie Policy section.<\/p>\n\n\n\n<p>To obtain more information about the processing of your personal data or to exercise your rights under KVKK, please contact us.<\/p>\n\n\n\n<p>Kind regards,<\/p>","protected":false},"excerpt":{"rendered":"<p>Say\u0131n Ziyaret\u00e7i, Pelsan Pelet Sanayi ve Ticaret Anonim \u015eirketi (&#8220;\u015eirket&#8221;), m\u00fc\u015fterilerinin ve web sitesi ziyaret\u00e7ilerinin ki\u015fisel verilerinin gizlili\u011fini \u00f6nemsemekte ve korumakta b\u00fcy\u00fck bir hassasiyet g\u00f6stermektedir. Bu nedenle, \u015eirket olarak, KVKK kapsam\u0131nda ki\u015fisel verilerinizi i\u015flemek ve korumak i\u00e7in gerekli \u00f6nlemleri almaktay\u0131z. KVKK kapsam\u0131nda, ki\u015fisel verilerinizin i\u015flenmesi, saklanmas\u0131 ve g\u00fcvenli\u011fine ili\u015fkin olarak a\u015fa\u011f\u0131daki hususlar\u0131 bilmenizi isteriz: Veri [&hellip;]<\/p>","protected":false},"author":2,"featured_media":0,"parent":0,"menu_order":0,"comment_status":"closed","ping_status":"closed","template":"","meta":{"footnotes":""},"class_list":["post-289","page","type-page","status-publish","hentry"],"_links":{"self":[{"href":"https:\/\/pelsanpelet.com.tr\/en\/wp-json\/wp\/v2\/pages\/289","targetHints":{"allow":["GET"]}}],"collection":[{"href":"https:\/\/pelsanpelet.com.tr\/en\/wp-json\/wp\/v2\/pages"}],"about":[{"href":"https:\/\/pelsanpelet.com.tr\/en\/wp-json\/wp\/v2\/types\/page"}],"author":[{"embeddable":true,"href":"https:\/\/pelsanpelet.com.tr\/en\/wp-json\/wp\/v2\/users\/2"}],"replies":[{"embeddable":true,"href":"https:\/\/pelsanpelet.com.tr\/en\/wp-json\/wp\/v2\/comments?post=289"}],"version-history":[{"count":1,"href":"https:\/\/pelsanpelet.com.tr\/en\/wp-json\/wp\/v2\/pages\/289\/revisions"}],"predecessor-version":[{"id":290,"href":"https:\/\/pelsanpelet.com.tr\/en\/wp-json\/wp\/v2\/pages\/289\/revisions\/290"}],"wp:attachment":[{"href":"https:\/\/pelsanpelet.com.tr\/en\/wp-json\/wp\/v2\/media?parent=289"}],"curies":[{"name":"wp","href":"https:\/\/api.w.org\/{rel}","templated":true}]}}