{"id":251,"date":"2024-06-01T08:26:47","date_gmt":"2024-06-01T08:26:47","guid":{"rendered":"https:\/\/pelsanpelet.com.tr\/?page_id=251"},"modified":"2024-06-15T12:23:09","modified_gmt":"2024-06-15T12:23:09","slug":"urunlerimiz","status":"publish","type":"page","link":"https:\/\/pelsanpelet.com.tr\/en\/urunlerimiz\/","title":{"rendered":"Our Products"},"content":{"rendered":"<div data-elementor-type=\"wp-page\" data-elementor-id=\"251\" class=\"elementor elementor-251\" data-elementor-post-type=\"page\">\n\t\t\t\t\t\t<section class=\"elementor-section elementor-top-section elementor-element elementor-element-2cc9bc0 elementor-section-boxed elementor-section-height-default elementor-section-height-default\" data-id=\"2cc9bc0\" data-element_type=\"section\" data-settings=\"{&quot;background_background&quot;:&quot;classic&quot;}\">\n\t\t\t\t\t\t\t<div class=\"elementor-background-overlay\"><\/div>\n\t\t\t\t\t\t\t<div class=\"elementor-container elementor-column-gap-default\">\n\t\t\t\t\t<div class=\"elementor-column elementor-col-100 elementor-top-column elementor-element elementor-element-480cee97\" data-id=\"480cee97\" data-element_type=\"column\">\n\t\t\t<div class=\"elementor-widget-wrap elementor-element-populated\">\n\t\t\t\t\t\t<div class=\"elementor-element elementor-element-7068b11e elementor-invisible elementor-widget elementor-widget-heading\" data-id=\"7068b11e\" data-element_type=\"widget\" data-settings=\"{&quot;_animation&quot;:&quot;fadeInUp&quot;}\" data-widget_type=\"heading.default\">\n\t\t\t\t<div class=\"elementor-widget-container\">\n\t\t\t<style>\/*! elementor - v3.20.0 - 11-03-2024 *\/\n.elementor-heading-title{padding:0;margin:0;line-height:1}.elementor-widget-heading .elementor-heading-title[class*=elementor-size-]>a{color:inherit;font-size:inherit;line-height:inherit}.elementor-widget-heading .elementor-heading-title.elementor-size-small{font-size:15px}.elementor-widget-heading .elementor-heading-title.elementor-size-medium{font-size:19px}.elementor-widget-heading .elementor-heading-title.elementor-size-large{font-size:29px}.elementor-widget-heading .elementor-heading-title.elementor-size-xl{font-size:39px}.elementor-widget-heading .elementor-heading-title.elementor-size-xxl{font-size:59px}<\/style><h1 class=\"elementor-heading-title elementor-size-default\">Our Products<\/h1>\t\t<\/div>\n\t\t\t\t<\/div>\n\t\t\t\t\t<\/div>\n\t\t<\/div>\n\t\t\t\t\t<\/div>\n\t\t<\/section>\n\t\t\t\t<section class=\"elementor-section elementor-top-section elementor-element elementor-element-703f7293 elementor-section-boxed elementor-section-height-default elementor-section-height-default\" data-id=\"703f7293\" data-element_type=\"section\">\n\t\t\t\t\t\t<div class=\"elementor-container elementor-column-gap-default\">\n\t\t\t\t\t<div class=\"elementor-column elementor-col-50 elementor-top-column elementor-element elementor-element-7caa871 elementor-invisible\" data-id=\"7caa871\" data-element_type=\"column\" data-settings=\"{&quot;animation&quot;:&quot;fadeInLeft&quot;}\">\n\t\t\t<div class=\"elementor-widget-wrap elementor-element-populated\">\n\t\t\t\t\t\t<div class=\"elementor-element elementor-element-200b5f18 elementor-widget elementor-widget-heading\" data-id=\"200b5f18\" data-element_type=\"widget\" data-widget_type=\"heading.default\">\n\t\t\t\t<div class=\"elementor-widget-container\">\n\t\t\t<h2 class=\"elementor-heading-title elementor-size-default\">Pelet<\/h2>\t\t<\/div>\n\t\t\t\t<\/div>\n\t\t\t\t<div class=\"elementor-element elementor-element-88d5b43 elementor-widget__width-initial elementor-widget elementor-widget-html\" data-id=\"88d5b43\" data-element_type=\"widget\" data-widget_type=\"html.default\">\n\t\t\t\t<div class=\"elementor-widget-container\">\n\t\t\t<table>\r\n  <tr>\r\n    <th>WOOD SPECIES<\/th>\r\n    <th>MEASUREMENTS<\/th>\r\n    <th>Content of the Note<\/th>\r\n    <th>Packaging<\/th>\r\n    <th>Features<\/th>\r\n  <\/tr>\r\n  <tr>\r\n    <td>Pine-Spruce<\/td>\r\n    <td>6mm<\/td>\r\n    <td>%6<\/td>\r\n    <td>15 kg bag<\/td>\r\n    <td>\r\n      <ul>\r\n        <li>Long burning time and high heat<\/li>\r\n        <li>0.5% Ash content<\/li>\r\n        <li>4,700 Calories<\/li>\r\n      <\/ul>\r\n    <\/td>\r\n  <\/tr>\r\n  <tr>\r\n    <td>Oak-Pine<\/td>\r\n    <td>6mm<\/td>\r\n    <td>%6<\/td>\r\n    <td>15 kg bag<\/td>\r\n    <td>\r\n      <ul>\r\n        <li>Long burning time and high heat<\/li>\r\n        <li>0.5% Ash content<\/li>\r\n        <li>4,966 Calories<\/li>\r\n      <\/ul>\r\n    <\/td>\r\n  <\/tr>\r\n<\/table>\r\n\t\t<\/div>\n\t\t\t\t<\/div>\n\t\t\t\t<div class=\"elementor-element elementor-element-4b0d8fd1 elementor-icon-list--layout-traditional elementor-list-item-link-full_width elementor-widget elementor-widget-icon-list\" data-id=\"4b0d8fd1\" data-element_type=\"widget\" data-widget_type=\"icon-list.default\">\n\t\t\t\t<div class=\"elementor-widget-container\">\n\t\t\t<link rel=\"stylesheet\" href=\"https:\/\/pelsanpelet.com.tr\/wp-content\/plugins\/elementor\/assets\/css\/widget-icon-list.min.css\">\t\t<ul class=\"elementor-icon-list-items\">\n\t\t\t\t\t\t\t<li class=\"elementor-icon-list-item\">\n\t\t\t\t\t\t\t\t\t\t\t<span class=\"elementor-icon-list-icon\">\n\t\t\t\t\t\t\t<i aria-hidden=\"true\" class=\"icon_check_alt\"><\/i>\t\t\t\t\t\t<\/span>\n\t\t\t\t\t\t\t\t\t\t<span class=\"elementor-icon-list-text\"> 8,000 m\u00b2 Open, 2,400 m\u00b2 Total factory area<\/span>\n\t\t\t\t\t\t\t\t\t<\/li>\n\t\t\t\t\t\t\t\t<li class=\"elementor-icon-list-item\">\n\t\t\t\t\t\t\t\t\t\t\t<span class=\"elementor-icon-list-icon\">\n\t\t\t\t\t\t\t<i aria-hidden=\"true\" class=\"icon_check_alt\"><\/i>\t\t\t\t\t\t<\/span>\n\t\t\t\t\t\t\t\t\t\t<span class=\"elementor-icon-list-text\">Automated machine park<\/span>\n\t\t\t\t\t\t\t\t\t<\/li>\n\t\t\t\t\t\t<\/ul>\n\t\t\t\t<\/div>\n\t\t\t\t<\/div>\n\t\t\t\t\t<\/div>\n\t\t<\/div>\n\t\t\t\t<div class=\"elementor-column elementor-col-50 elementor-top-column elementor-element elementor-element-3bbac707\" data-id=\"3bbac707\" data-element_type=\"column\">\n\t\t\t<div class=\"elementor-widget-wrap elementor-element-populated\">\n\t\t\t\t\t\t<div class=\"elementor-element elementor-element-61c0defa elementor-invisible elementor-widget elementor-widget-image\" data-id=\"61c0defa\" data-element_type=\"widget\" data-settings=\"{&quot;_animation&quot;:&quot;fadeInRight&quot;}\" data-widget_type=\"image.default\">\n\t\t\t\t<div class=\"elementor-widget-container\">\n\t\t\t<style>\/*! elementor - v3.20.0 - 11-03-2024 *\/\n.elementor-widget-image{text-align:center}.elementor-widget-image a{display:inline-block}.elementor-widget-image a img[src$=\".svg\"]{width:48px}.elementor-widget-image img{vertical-align:middle;display:inline-block}<\/style>\t\t\t\t\t\t\t\t\t\t<img fetchpriority=\"high\" decoding=\"async\" width=\"1512\" height=\"1512\" src=\"https:\/\/pelsanpelet.com.tr\/wp-content\/uploads\/2024\/06\/a66f450b-0640-4af7-8349-a4df3a2da8de.jpg\" class=\"attachment-full size-full wp-image-362\" alt=\"\" srcset=\"https:\/\/pelsanpelet.com.tr\/wp-content\/uploads\/2024\/06\/a66f450b-0640-4af7-8349-a4df3a2da8de.jpg 1512w, https:\/\/pelsanpelet.com.tr\/wp-content\/uploads\/2024\/06\/a66f450b-0640-4af7-8349-a4df3a2da8de-300x300.jpg 300w, https:\/\/pelsanpelet.com.tr\/wp-content\/uploads\/2024\/06\/a66f450b-0640-4af7-8349-a4df3a2da8de-1024x1024.jpg 1024w, https:\/\/pelsanpelet.com.tr\/wp-content\/uploads\/2024\/06\/a66f450b-0640-4af7-8349-a4df3a2da8de-150x150.jpg 150w, https:\/\/pelsanpelet.com.tr\/wp-content\/uploads\/2024\/06\/a66f450b-0640-4af7-8349-a4df3a2da8de-768x768.jpg 768w, https:\/\/pelsanpelet.com.tr\/wp-content\/uploads\/2024\/06\/a66f450b-0640-4af7-8349-a4df3a2da8de-12x12.jpg 12w\" sizes=\"(max-width: 1512px) 100vw, 1512px\" \/>\t\t\t\t\t\t\t\t\t\t\t\t\t<\/div>\n\t\t\t\t<\/div>\n\t\t\t\t\t<\/div>\n\t\t<\/div>\n\t\t\t\t\t<\/div>\n\t\t<\/section>\n\t\t\t\t<section class=\"elementor-section elementor-top-section elementor-element elementor-element-3715aaa elementor-section-boxed elementor-section-height-default elementor-section-height-default\" data-id=\"3715aaa\" data-element_type=\"section\" data-settings=\"{&quot;background_background&quot;:&quot;classic&quot;}\">\n\t\t\t\t\t\t\t<div class=\"elementor-background-overlay\"><\/div>\n\t\t\t\t\t\t\t<div class=\"elementor-container elementor-column-gap-default\">\n\t\t\t\t\t<div class=\"elementor-column elementor-col-100 elementor-top-column elementor-element elementor-element-8ec07d7\" data-id=\"8ec07d7\" data-element_type=\"column\">\n\t\t\t<div class=\"elementor-widget-wrap elementor-element-populated\">\n\t\t\t\t\t\t<section class=\"elementor-section elementor-inner-section elementor-element elementor-element-a3f3fe3 elementor-section-boxed elementor-section-height-default elementor-section-height-default\" data-id=\"a3f3fe3\" data-element_type=\"section\">\n\t\t\t\t\t\t<div class=\"elementor-container elementor-column-gap-default\">\n\t\t\t\t\t<div class=\"elementor-column elementor-col-100 elementor-inner-column elementor-element elementor-element-936a957 elementor-invisible\" data-id=\"936a957\" data-element_type=\"column\" data-settings=\"{&quot;animation&quot;:&quot;fadeInUp&quot;}\">\n\t\t\t<div class=\"elementor-widget-wrap elementor-element-populated\">\n\t\t\t\t\t\t<div class=\"elementor-element elementor-element-31ec5c0 elementor-widget elementor-widget-heading\" data-id=\"31ec5c0\" data-element_type=\"widget\" data-widget_type=\"heading.default\">\n\t\t\t\t<div class=\"elementor-widget-container\">\n\t\t\t<h2 class=\"elementor-heading-title elementor-size-default\">Our Products<\/h2>\t\t<\/div>\n\t\t\t\t<\/div>\n\t\t\t\t<div class=\"elementor-element elementor-element-81a6f04 elementor-widget elementor-widget-text-editor\" data-id=\"81a6f04\" data-element_type=\"widget\" data-widget_type=\"text-editor.default\">\n\t\t\t\t<div class=\"elementor-widget-container\">\n\t\t\t<style>\/*! elementor - v3.20.0 - 11-03-2024 *\/\n.elementor-widget-text-editor.elementor-drop-cap-view-stacked .elementor-drop-cap{background-color:#69727d;color:#fff}.elementor-widget-text-editor.elementor-drop-cap-view-framed .elementor-drop-cap{color:#69727d;border:3px solid;background-color:transparent}.elementor-widget-text-editor:not(.elementor-drop-cap-view-default) .elementor-drop-cap{margin-top:8px}.elementor-widget-text-editor:not(.elementor-drop-cap-view-default) .elementor-drop-cap-letter{width:1em;height:1em}.elementor-widget-text-editor .elementor-drop-cap{float:left;text-align:center;line-height:1;font-size:50px}.elementor-widget-text-editor .elementor-drop-cap-letter{display:inline-block}<\/style>\t\t\t\t<p>Our products are of high quality, meeting strict standards in efficiency and reliability. As Pelsan Pellet, we always prioritize our environmental sensitivity and commitment to quality service.<\/p>\t\t\t\t\t\t<\/div>\n\t\t\t\t<\/div>\n\t\t\t\t\t<\/div>\n\t\t<\/div>\n\t\t\t\t\t<\/div>\n\t\t<\/section>\n\t\t\t\t<section class=\"elementor-section elementor-inner-section elementor-element elementor-element-097c3d7 elementor-section-boxed elementor-section-height-default elementor-section-height-default elementor-invisible\" data-id=\"097c3d7\" data-element_type=\"section\" data-settings=\"{&quot;animation&quot;:&quot;fadeIn&quot;,&quot;animation_delay&quot;:200}\">\n\t\t\t\t\t\t<div class=\"elementor-container elementor-column-gap-default\">\n\t\t\t\t\t<div class=\"elementor-column elementor-col-33 elementor-inner-column elementor-element elementor-element-36c6b97\" data-id=\"36c6b97\" data-element_type=\"column\" data-settings=\"{&quot;background_background&quot;:&quot;classic&quot;}\">\n\t\t\t<div class=\"elementor-widget-wrap elementor-element-populated\">\n\t\t\t\t\t\t<div class=\"elementor-element elementor-element-1876824 elementor-position-left elementor-tablet-position-top elementor-mobile-position-left elementor-view-default elementor-vertical-align-top elementor-widget elementor-widget-icon-box\" data-id=\"1876824\" data-element_type=\"widget\" data-widget_type=\"icon-box.default\">\n\t\t\t\t<div class=\"elementor-widget-container\">\n\t\t\t<link rel=\"stylesheet\" href=\"https:\/\/pelsanpelet.com.tr\/wp-content\/plugins\/elementor\/assets\/css\/widget-icon-box.min.css\">\t\t<div class=\"elementor-icon-box-wrapper\">\n\t\t\t\t\t\t<div class=\"elementor-icon-box-icon\">\n\t\t\t\t<span  class=\"elementor-icon elementor-animation-\">\n\t\t\t\t<svg aria-hidden=\"true\" class=\"e-font-icon-svg e-fas-tree\" viewbox=\"0 0 384 512\" xmlns=\"http:\/\/www.w3.org\/2000\/svg\"><path d=\"M378.31 378.49L298.42 288h30.63c9.01 0 16.98-5 20.78-13.06 3.8-8.04 2.55-17.26-3.28-24.05L268.42 160h28.89c9.1 0 17.3-5.35 20.86-13.61 3.52-8.13 1.86-17.59-4.24-24.08L203.66 4.83c-6.03-6.45-17.28-6.45-23.32 0L70.06 122.31c-6.1 6.49-7.75 15.95-4.24 24.08C69.38 154.65 77.59 160 86.69 160h28.89l-78.14 90.91c-5.81 6.78-7.06 15.99-3.27 24.04C37.97 283 45.93 288 54.95 288h30.63L5.69 378.49c-6 6.79-7.36 16.09-3.56 24.26 3.75 8.05 12 13.25 21.01 13.25H160v24.45l-30.29 48.4c-5.32 10.64 2.42 23.16 14.31 23.16h95.96c11.89 0 19.63-12.52 14.31-23.16L224 440.45V416h136.86c9.01 0 17.26-5.2 21.01-13.25 3.8-8.17 2.44-17.47-3.56-24.26z\"><\/path><\/svg>\t\t\t\t<\/span>\n\t\t\t<\/div>\n\t\t\t\t\t\t<div class=\"elementor-icon-box-content\">\n\t\t\t\t<div class=\"elementor-icon-box-title\">\n\t\t\t\t\t<span  >\n\t\t\t\t\t\t100% Pine\t\t\t\t\t<\/span>\n\t\t\t\t<\/div>\n\t\t\t\t\t\t\t\t\t<p class=\"elementor-icon-box-description\">\n\t\t\t\t\t\tOur high-quality pellet product is made from 100% pine sawdust.\t\t\t\t\t<\/p>\n\t\t\t\t\t\t\t<\/div>\n\t\t<\/div>\n\t\t\t\t<\/div>\n\t\t\t\t<\/div>\n\t\t\t\t<div class=\"elementor-element elementor-element-52fb4ef elementor-widget elementor-widget-image\" data-id=\"52fb4ef\" data-element_type=\"widget\" data-widget_type=\"image.default\">\n\t\t\t\t<div class=\"elementor-widget-container\">\n\t\t\t\t\t\t\t\t\t\t\t\t\t<img decoding=\"async\" width=\"2048\" height=\"2048\" src=\"https:\/\/pelsanpelet.com.tr\/wp-content\/uploads\/2024\/03\/Firefly-Peletler-on-planda-arka-planda-bir-cam-agaci-ve-bir-kayin-agaci-57368.jpg\" class=\"attachment-full size-full wp-image-176\" alt=\"\" srcset=\"https:\/\/pelsanpelet.com.tr\/wp-content\/uploads\/2024\/03\/Firefly-Peletler-on-planda-arka-planda-bir-cam-agaci-ve-bir-kayin-agaci-57368.jpg 2048w, https:\/\/pelsanpelet.com.tr\/wp-content\/uploads\/2024\/03\/Firefly-Peletler-on-planda-arka-planda-bir-cam-agaci-ve-bir-kayin-agaci-57368-300x300.jpg 300w, https:\/\/pelsanpelet.com.tr\/wp-content\/uploads\/2024\/03\/Firefly-Peletler-on-planda-arka-planda-bir-cam-agaci-ve-bir-kayin-agaci-57368-1024x1024.jpg 1024w, https:\/\/pelsanpelet.com.tr\/wp-content\/uploads\/2024\/03\/Firefly-Peletler-on-planda-arka-planda-bir-cam-agaci-ve-bir-kayin-agaci-57368-150x150.jpg 150w, https:\/\/pelsanpelet.com.tr\/wp-content\/uploads\/2024\/03\/Firefly-Peletler-on-planda-arka-planda-bir-cam-agaci-ve-bir-kayin-agaci-57368-768x768.jpg 768w, https:\/\/pelsanpelet.com.tr\/wp-content\/uploads\/2024\/03\/Firefly-Peletler-on-planda-arka-planda-bir-cam-agaci-ve-bir-kayin-agaci-57368-1536x1536.jpg 1536w\" sizes=\"(max-width: 2048px) 100vw, 2048px\" \/>\t\t\t\t\t\t\t\t\t\t\t\t\t<\/div>\n\t\t\t\t<\/div>\n\t\t\t\t<div class=\"elementor-element elementor-element-7d3a426 elementor-widget elementor-widget-text-editor\" data-id=\"7d3a426\" data-element_type=\"widget\" data-widget_type=\"text-editor.default\">\n\t\t\t\t<div class=\"elementor-widget-container\">\n\t\t\t\t\t\t\t<p>Pellet produces low emissions of gases and lower waste compared to fossil fuels like coal, besides being a highly efficient and natural fuel.<\/p>\t\t\t\t\t\t<\/div>\n\t\t\t\t<\/div>\n\t\t\t\t<div class=\"elementor-element elementor-element-35f7003 elementor-widget elementor-widget-button\" data-id=\"35f7003\" data-element_type=\"widget\" data-widget_type=\"button.default\">\n\t\t\t\t<div class=\"elementor-widget-container\">\n\t\t\t\t\t<div class=\"elementor-button-wrapper\">\n\t\t\t<a class=\"elementor-button elementor-button-link elementor-size-sm\" href=\"#\">\n\t\t\t\t\t\t<span class=\"elementor-button-content-wrapper\">\n\t\t\t\t\t\t<span class=\"elementor-button-text\">Get a Quote<\/span>\n\t\t<\/span>\n\t\t\t\t\t<\/a>\n\t\t<\/div>\n\t\t\t\t<\/div>\n\t\t\t\t<\/div>\n\t\t\t\t\t<\/div>\n\t\t<\/div>\n\t\t\t\t<div class=\"elementor-column elementor-col-33 elementor-inner-column elementor-element elementor-element-2164fad\" data-id=\"2164fad\" data-element_type=\"column\" data-settings=\"{&quot;background_background&quot;:&quot;classic&quot;}\">\n\t\t\t<div class=\"elementor-widget-wrap elementor-element-populated\">\n\t\t\t\t\t\t<div class=\"elementor-element elementor-element-e6c181e elementor-position-left elementor-tablet-position-top elementor-mobile-position-left elementor-view-default elementor-vertical-align-top elementor-widget elementor-widget-icon-box\" data-id=\"e6c181e\" data-element_type=\"widget\" data-widget_type=\"icon-box.default\">\n\t\t\t\t<div class=\"elementor-widget-container\">\n\t\t\t\t\t<div class=\"elementor-icon-box-wrapper\">\n\t\t\t\t\t\t<div class=\"elementor-icon-box-icon\">\n\t\t\t\t<span  class=\"elementor-icon elementor-animation-\">\n\t\t\t\t<svg aria-hidden=\"true\" class=\"e-font-icon-svg e-fas-tree\" viewbox=\"0 0 384 512\" xmlns=\"http:\/\/www.w3.org\/2000\/svg\"><path d=\"M378.31 378.49L298.42 288h30.63c9.01 0 16.98-5 20.78-13.06 3.8-8.04 2.55-17.26-3.28-24.05L268.42 160h28.89c9.1 0 17.3-5.35 20.86-13.61 3.52-8.13 1.86-17.59-4.24-24.08L203.66 4.83c-6.03-6.45-17.28-6.45-23.32 0L70.06 122.31c-6.1 6.49-7.75 15.95-4.24 24.08C69.38 154.65 77.59 160 86.69 160h28.89l-78.14 90.91c-5.81 6.78-7.06 15.99-3.27 24.04C37.97 283 45.93 288 54.95 288h30.63L5.69 378.49c-6 6.79-7.36 16.09-3.56 24.26 3.75 8.05 12 13.25 21.01 13.25H160v24.45l-30.29 48.4c-5.32 10.64 2.42 23.16 14.31 23.16h95.96c11.89 0 19.63-12.52 14.31-23.16L224 440.45V416h136.86c9.01 0 17.26-5.2 21.01-13.25 3.8-8.17 2.44-17.47-3.56-24.26z\"><\/path><\/svg>\t\t\t\t<\/span>\n\t\t\t<\/div>\n\t\t\t\t\t\t<div class=\"elementor-icon-box-content\">\n\t\t\t\t<div class=\"elementor-icon-box-title\">\n\t\t\t\t\t<span  >\n\t\t\t\t\t\t60% Pine - 40% Beech\t\t\t\t\t<\/span>\n\t\t\t\t<\/div>\n\t\t\t\t\t\t\t\t\t<p class=\"elementor-icon-box-description\">\n\t\t\t\t\t\tOur pellet product is made from a mixture of 60% pine and 40% oak sawdust.\t\t\t\t\t<\/p>\n\t\t\t\t\t\t\t<\/div>\n\t\t<\/div>\n\t\t\t\t<\/div>\n\t\t\t\t<\/div>\n\t\t\t\t<div class=\"elementor-element elementor-element-fe22327 elementor-widget elementor-widget-image\" data-id=\"fe22327\" data-element_type=\"widget\" data-widget_type=\"image.default\">\n\t\t\t\t<div class=\"elementor-widget-container\">\n\t\t\t\t\t\t\t\t\t\t\t\t\t<img decoding=\"async\" width=\"2048\" height=\"2048\" src=\"https:\/\/pelsanpelet.com.tr\/wp-content\/uploads\/2024\/03\/Firefly-Pellets-in-the-foreground-a-beech-tree-in-the-background-74439.jpg\" class=\"attachment-full size-full wp-image-177\" alt=\"\" srcset=\"https:\/\/pelsanpelet.com.tr\/wp-content\/uploads\/2024\/03\/Firefly-Pellets-in-the-foreground-a-beech-tree-in-the-background-74439.jpg 2048w, https:\/\/pelsanpelet.com.tr\/wp-content\/uploads\/2024\/03\/Firefly-Pellets-in-the-foreground-a-beech-tree-in-the-background-74439-300x300.jpg 300w, https:\/\/pelsanpelet.com.tr\/wp-content\/uploads\/2024\/03\/Firefly-Pellets-in-the-foreground-a-beech-tree-in-the-background-74439-1024x1024.jpg 1024w, https:\/\/pelsanpelet.com.tr\/wp-content\/uploads\/2024\/03\/Firefly-Pellets-in-the-foreground-a-beech-tree-in-the-background-74439-150x150.jpg 150w, https:\/\/pelsanpelet.com.tr\/wp-content\/uploads\/2024\/03\/Firefly-Pellets-in-the-foreground-a-beech-tree-in-the-background-74439-768x768.jpg 768w, https:\/\/pelsanpelet.com.tr\/wp-content\/uploads\/2024\/03\/Firefly-Pellets-in-the-foreground-a-beech-tree-in-the-background-74439-1536x1536.jpg 1536w\" sizes=\"(max-width: 2048px) 100vw, 2048px\" \/>\t\t\t\t\t\t\t\t\t\t\t\t\t<\/div>\n\t\t\t\t<\/div>\n\t\t\t\t<div class=\"elementor-element elementor-element-1a68d40 elementor-widget elementor-widget-text-editor\" data-id=\"1a68d40\" data-element_type=\"widget\" data-widget_type=\"text-editor.default\">\n\t\t\t\t<div class=\"elementor-widget-container\">\n\t\t\t\t\t\t\t<p>Teklif talebinde bulunarak uzman ekibimiz ile ileti\u015fime ge\u00e7ebilir, \u00fcretimden sat\u0131\u015fa t\u00fcm a\u015famalar ile ilgili detayl\u0131 bilgi alabilirsiniz.<\/p>\t\t\t\t\t\t<\/div>\n\t\t\t\t<\/div>\n\t\t\t\t<div class=\"elementor-element elementor-element-ae091b0 elementor-widget elementor-widget-button\" data-id=\"ae091b0\" data-element_type=\"widget\" data-widget_type=\"button.default\">\n\t\t\t\t<div class=\"elementor-widget-container\">\n\t\t\t\t\t<div class=\"elementor-button-wrapper\">\n\t\t\t<a class=\"elementor-button elementor-button-link elementor-size-sm\" href=\"#\">\n\t\t\t\t\t\t<span class=\"elementor-button-content-wrapper\">\n\t\t\t\t\t\t<span class=\"elementor-button-text\">Get a Quote<\/span>\n\t\t<\/span>\n\t\t\t\t\t<\/a>\n\t\t<\/div>\n\t\t\t\t<\/div>\n\t\t\t\t<\/div>\n\t\t\t\t\t<\/div>\n\t\t<\/div>\n\t\t\t\t<div class=\"elementor-column elementor-col-33 elementor-inner-column elementor-element elementor-element-fb66b7f\" data-id=\"fb66b7f\" data-element_type=\"column\" data-settings=\"{&quot;background_background&quot;:&quot;classic&quot;}\">\n\t\t\t<div class=\"elementor-widget-wrap elementor-element-populated\">\n\t\t\t\t\t\t<div class=\"elementor-element elementor-element-2608d8e elementor-position-left elementor-tablet-position-top elementor-mobile-position-left elementor-view-default elementor-vertical-align-top elementor-widget elementor-widget-icon-box\" data-id=\"2608d8e\" data-element_type=\"widget\" data-widget_type=\"icon-box.default\">\n\t\t\t\t<div class=\"elementor-widget-container\">\n\t\t\t\t\t<div class=\"elementor-icon-box-wrapper\">\n\t\t\t\t\t\t<div class=\"elementor-icon-box-icon\">\n\t\t\t\t<span  class=\"elementor-icon elementor-animation-\">\n\t\t\t\t<i aria-hidden=\"true\" class=\"ti-package\"><\/i>\t\t\t\t<\/span>\n\t\t\t<\/div>\n\t\t\t\t\t\t<div class=\"elementor-icon-box-content\">\n\t\t\t\t<div class=\"elementor-icon-box-title\">\n\t\t\t\t\t<span  >\n\t\t\t\t\t\tThe packaging process is standard with 15 kg transparent bags. For customers who prefer, we can also package with big-bag sacks.\t\t\t\t\t<\/span>\n\t\t\t\t<\/div>\n\t\t\t\t\t\t\t\t\t<p class=\"elementor-icon-box-description\">\n\t\t\t\t\t\tPaketlememiz 15KG \u015feffaf po\u015fetler ile yap\u0131l\u0131r, iste\u011fe ba\u011fl\u0131 big-bag \u00e7uval olarak g\u00f6nderilir.\t\t\t\t\t<\/p>\n\t\t\t\t\t\t\t<\/div>\n\t\t<\/div>\n\t\t\t\t<\/div>\n\t\t\t\t<\/div>\n\t\t\t\t<div class=\"elementor-element elementor-element-7949574 elementor-widget elementor-widget-image\" data-id=\"7949574\" data-element_type=\"widget\" data-widget_type=\"image.default\">\n\t\t\t\t<div class=\"elementor-widget-container\">\n\t\t\t\t\t\t\t\t\t\t\t\t\t<img loading=\"lazy\" decoding=\"async\" width=\"2048\" height=\"2048\" src=\"https:\/\/pelsanpelet.com.tr\/wp-content\/uploads\/2024\/03\/Firefly-Pellets-in-transparent-plastic-sacks-on-the-right-side-of-the-picture-pellets-in-big-bag-sa.jpg\" class=\"attachment-full size-full wp-image-178\" alt=\"\" srcset=\"https:\/\/pelsanpelet.com.tr\/wp-content\/uploads\/2024\/03\/Firefly-Pellets-in-transparent-plastic-sacks-on-the-right-side-of-the-picture-pellets-in-big-bag-sa.jpg 2048w, https:\/\/pelsanpelet.com.tr\/wp-content\/uploads\/2024\/03\/Firefly-Pellets-in-transparent-plastic-sacks-on-the-right-side-of-the-picture-pellets-in-big-bag-sa-300x300.jpg 300w, https:\/\/pelsanpelet.com.tr\/wp-content\/uploads\/2024\/03\/Firefly-Pellets-in-transparent-plastic-sacks-on-the-right-side-of-the-picture-pellets-in-big-bag-sa-1024x1024.jpg 1024w, https:\/\/pelsanpelet.com.tr\/wp-content\/uploads\/2024\/03\/Firefly-Pellets-in-transparent-plastic-sacks-on-the-right-side-of-the-picture-pellets-in-big-bag-sa-150x150.jpg 150w, https:\/\/pelsanpelet.com.tr\/wp-content\/uploads\/2024\/03\/Firefly-Pellets-in-transparent-plastic-sacks-on-the-right-side-of-the-picture-pellets-in-big-bag-sa-768x768.jpg 768w, https:\/\/pelsanpelet.com.tr\/wp-content\/uploads\/2024\/03\/Firefly-Pellets-in-transparent-plastic-sacks-on-the-right-side-of-the-picture-pellets-in-big-bag-sa-1536x1536.jpg 1536w\" sizes=\"(max-width: 2048px) 100vw, 2048px\" \/>\t\t\t\t\t\t\t\t\t\t\t\t\t<\/div>\n\t\t\t\t<\/div>\n\t\t\t\t<div class=\"elementor-element elementor-element-18c8468 elementor-widget elementor-widget-text-editor\" data-id=\"18c8468\" data-element_type=\"widget\" data-widget_type=\"text-editor.default\">\n\t\t\t\t<div class=\"elementor-widget-container\">\n\t\t\t\t\t\t\t<p>The packaging process is standard with 15 kg transparent bags. For customers who prefer, we can also package with big-bag sacks.<\/p>\t\t\t\t\t\t<\/div>\n\t\t\t\t<\/div>\n\t\t\t\t<div class=\"elementor-element elementor-element-8eb359d elementor-widget elementor-widget-button\" data-id=\"8eb359d\" data-element_type=\"widget\" data-widget_type=\"button.default\">\n\t\t\t\t<div class=\"elementor-widget-container\">\n\t\t\t\t\t<div class=\"elementor-button-wrapper\">\n\t\t\t<a class=\"elementor-button elementor-button-link elementor-size-sm\" href=\"#\">\n\t\t\t\t\t\t<span class=\"elementor-button-content-wrapper\">\n\t\t\t\t\t\t<span class=\"elementor-button-text\">Get a Quote<\/span>\n\t\t<\/span>\n\t\t\t\t\t<\/a>\n\t\t<\/div>\n\t\t\t\t<\/div>\n\t\t\t\t<\/div>\n\t\t\t\t\t<\/div>\n\t\t<\/div>\n\t\t\t\t\t<\/div>\n\t\t<\/section>\n\t\t\t\t\t<\/div>\n\t\t<\/div>\n\t\t\t\t\t<\/div>\n\t\t<\/section>\n\t\t\t\t<\/div>","protected":false},"excerpt":{"rendered":"<p>Pelet A\u011eA\u00c7 T\u00dcR\u00dc \u00d6L\u00c7\u00dcLER NEM \u0130\u00c7ER\u0130\u011e\u0130 PAKETLEME \u00d6ZELL\u0130KLER \u00c7am-Ladin 6mm %6 15 kg&#8217;l\u0131k torba Uzun yanma s\u00fcresi ve y\u00fcksek \u0131s\u0131 %0,5 K\u00fcl oran\u0131 4.700 Kalori Me\u015fe-\u00c7am 6mm %6 15 kg&#8217;l\u0131k torba Uzun yanma s\u00fcresi ve y\u00fcksek \u0131s\u0131 %0,5 K\u00fcl oran\u0131 4.966 Kalori 8.000 m\u00b2 A\u00e7\u0131k,2.400 m\u00b2 toplam fabrika alan\u0131 Otomasyonlu makine parkuru \u00dcr\u00fcnlerimiz \u00dcr\u00fcnlerimiz y\u00fcksek [&hellip;]<\/p>","protected":false},"author":2,"featured_media":0,"parent":0,"menu_order":0,"comment_status":"closed","ping_status":"closed","template":"","meta":{"footnotes":""},"class_list":["post-251","page","type-page","status-publish","hentry"],"_links":{"self":[{"href":"https:\/\/pelsanpelet.com.tr\/en\/wp-json\/wp\/v2\/pages\/251","targetHints":{"allow":["GET"]}}],"collection":[{"href":"https:\/\/pelsanpelet.com.tr\/en\/wp-json\/wp\/v2\/pages"}],"about":[{"href":"https:\/\/pelsanpelet.com.tr\/en\/wp-json\/wp\/v2\/types\/page"}],"author":[{"embeddable":true,"href":"https:\/\/pelsanpelet.com.tr\/en\/wp-json\/wp\/v2\/users\/2"}],"replies":[{"embeddable":true,"href":"https:\/\/pelsanpelet.com.tr\/en\/wp-json\/wp\/v2\/comments?post=251"}],"version-history":[{"count":31,"href":"https:\/\/pelsanpelet.com.tr\/en\/wp-json\/wp\/v2\/pages\/251\/revisions"}],"predecessor-version":[{"id":397,"href":"https:\/\/pelsanpelet.com.tr\/en\/wp-json\/wp\/v2\/pages\/251\/revisions\/397"}],"wp:attachment":[{"href":"https:\/\/pelsanpelet.com.tr\/en\/wp-json\/wp\/v2\/media?parent=251"}],"curies":[{"name":"wp","href":"https:\/\/api.w.org\/{rel}","templated":true}]}}