{"id":289,"date":"2024-06-05T11:33:30","date_gmt":"2024-06-05T11:33:30","guid":{"rendered":"https:\/\/pelsanpelet.com.tr\/?page_id=289"},"modified":"2024-06-05T11:33:30","modified_gmt":"2024-06-05T11:33:30","slug":"kvkk-aydinlatma-metni","status":"publish","type":"page","link":"https:\/\/pelsanpelet.com.tr\/el\/kvkk-aydinlatma-metni\/","title":{"rendered":"\u0395\u03bd\u03b7\u03bc\u03b5\u03c1\u03c9\u03c4\u03b9\u03ba\u03cc GDPR"},"content":{"rendered":"<p>\u0391\u03b3\u03b1\u03c0\u03b7\u03c4\u03ad \u03b5\u03c0\u03b9\u03c3\u03ba\u03ad\u03c0\u03c4\u03b7,<\/p>\n\n\n\n<p>\u0397 \u0395\u03c4\u03b1\u03b9\u03c1\u03b5\u03af\u03b1 Pelsan Pellet \u0392\u03b9\u03bf\u03bc\u03b7\u03c7\u03b1\u03bd\u03af\u03b1 \u03ba\u03b1\u03b9 \u0395\u03bc\u03c0\u03cc\u03c1\u03b9\u03bf \u0391\u03bd\u03ce\u03bd\u03c5\u03bc\u03b7 \u0395\u03c4\u03b1\u03b9\u03c1\u03b5\u03af\u03b1 (\"\u0395\u03c4\u03b1\u03b9\u03c1\u03b5\u03af\u03b1\") \u03b4\u03af\u03bd\u03b5\u03b9 \u03bc\u03b5\u03b3\u03ac\u03bb\u03b7 \u03c3\u03b7\u03bc\u03b1\u03c3\u03af\u03b1 \u03c3\u03c4\u03bf\u03bd \u03c3\u03b5\u03b2\u03b1\u03c3\u03bc\u03cc \u03ba\u03b1\u03b9 \u03c4\u03b7\u03bd \u03c0\u03c1\u03bf\u03c3\u03c4\u03b1\u03c3\u03af\u03b1 \u03c4\u03b7\u03c2 \u03b9\u03b4\u03b9\u03c9\u03c4\u03b9\u03ba\u03ae\u03c2 \u03b6\u03c9\u03ae\u03c2 \u03c4\u03c9\u03bd \u03c0\u03b5\u03bb\u03b1\u03c4\u03ce\u03bd \u03c4\u03b7\u03c2 \u03ba\u03b1\u03b9 \u03c4\u03c9\u03bd \u03b5\u03c0\u03b9\u03c3\u03ba\u03b5\u03c0\u03c4\u03ce\u03bd \u03c4\u03bf\u03c5 \u03b9\u03c3\u03c4\u03cc\u03c4\u03bf\u03c0\u03bf\u03cd \u03c4\u03b7\u03c2. \u03a3\u03c5\u03bd\u03b5\u03c0\u03ce\u03c2, \u03c9\u03c2 \u0395\u03c4\u03b1\u03b9\u03c1\u03b5\u03af\u03b1, \u03bb\u03b1\u03bc\u03b2\u03ac\u03bd\u03bf\u03c5\u03bc\u03b5 \u03c4\u03b1 \u03b1\u03c0\u03b1\u03c1\u03b1\u03af\u03c4\u03b7\u03c4\u03b1 \u03bc\u03ad\u03c4\u03c1\u03b1 \u03b3\u03b9\u03b1 \u03c4\u03b7\u03bd \u03b5\u03c0\u03b5\u03be\u03b5\u03c1\u03b3\u03b1\u03c3\u03af\u03b1 \u03ba\u03b1\u03b9 \u03c0\u03c1\u03bf\u03c3\u03c4\u03b1\u03c3\u03af\u03b1 \u03c4\u03c9\u03bd \u03c0\u03c1\u03bf\u03c3\u03c9\u03c0\u03b9\u03ba\u03ce\u03bd \u03c3\u03b1\u03c2 \u03b4\u03b5\u03b4\u03bf\u03bc\u03ad\u03bd\u03c9\u03bd \u03c3\u03cd\u03bc\u03c6\u03c9\u03bd\u03b1 \u03bc\u03b5 \u03c4\u03bf\u03bd \u039d\u03cc\u03bc\u03bf \u03a0\u03c1\u03bf\u03c3\u03c4\u03b1\u03c3\u03af\u03b1\u03c2 \u03a0\u03c1\u03bf\u03c3\u03c9\u03c0\u03b9\u03ba\u03ce\u03bd \u0394\u03b5\u03b4\u03bf\u03bc\u03ad\u03bd\u03c9\u03bd (\u039a\u0392\u039a\u039a).<\/p>\n\n\n\n<p>\u03a3\u03c4\u03bf \u03c0\u03bb\u03b1\u03af\u03c3\u03b9\u03bf \u03c4\u03bf\u03c5 KVKK (\u039d\u03cc\u03bc\u03bf\u03c2 \u03c0\u03b5\u03c1\u03af \u03a0\u03c1\u03bf\u03c3\u03c4\u03b1\u03c3\u03af\u03b1\u03c2 \u03a0\u03c1\u03bf\u03c3\u03c9\u03c0\u03b9\u03ba\u03ce\u03bd \u0394\u03b5\u03b4\u03bf\u03bc\u03ad\u03bd\u03c9\u03bd), \u03b8\u03b1 \u03b8\u03ad\u03bb\u03b1\u03bc\u03b5 \u03bd\u03b1 \u03b5\u03bd\u03b7\u03bc\u03b5\u03c1\u03c9\u03b8\u03b5\u03af\u03c4\u03b5 \u03b3\u03b9\u03b1 \u03c4\u03b1 \u03b1\u03ba\u03cc\u03bb\u03bf\u03c5\u03b8\u03b1 \u03c3\u03c7\u03b5\u03c4\u03b9\u03ba\u03ac \u03bc\u03b5 \u03c4\u03b7\u03bd \u03b5\u03c0\u03b5\u03be\u03b5\u03c1\u03b3\u03b1\u03c3\u03af\u03b1, \u03b1\u03c0\u03bf\u03b8\u03ae\u03ba\u03b5\u03c5\u03c3\u03b7 \u03ba\u03b1\u03b9 \u03b1\u03c3\u03c6\u03ac\u03bb\u03b5\u03b9\u03b1 \u03c4\u03c9\u03bd \u03c0\u03c1\u03bf\u03c3\u03c9\u03c0\u03b9\u03ba\u03ce\u03bd \u03c3\u03b1\u03c2 \u03b4\u03b5\u03b4\u03bf\u03bc\u03ad\u03bd\u03c9\u03bd:<\/p>\n\n\n\n<p>\u03a5\u03c0\u03b5\u03cd\u03b8\u03c5\u03bd\u03bf\u03c2 \u03b3\u03b9\u03b1 \u03c4\u03b1 \u03b4\u03b5\u03b4\u03bf\u03bc\u03ad\u03bd\u03b1: \u03a4\u03b1 \u03c0\u03c1\u03bf\u03c3\u03c9\u03c0\u03b9\u03ba\u03ac \u03c3\u03b1\u03c2 \u03b4\u03b5\u03b4\u03bf\u03bc\u03ad\u03bd\u03b1 \u03b8\u03b1 \u03c5\u03c0\u03bf\u03b2\u03bb\u03b7\u03b8\u03bf\u03cd\u03bd \u03c3\u03b5 \u03b5\u03c0\u03b5\u03be\u03b5\u03c1\u03b3\u03b1\u03c3\u03af\u03b1 \u03b1\u03c0\u03cc \u03c4\u03b7\u03bd \u0395\u03c4\u03b1\u03b9\u03c1\u03b5\u03af\u03b1 Pelsan Pellet \u0392\u03b9\u03bf\u03bc\u03b7\u03c7\u03b1\u03bd\u03af\u03b1 \u03ba\u03b1\u03b9 \u0395\u03bc\u03c0\u03cc\u03c1\u03b9\u03bf \u0391\u03bd\u03ce\u03bd\u03c5\u03bc\u03b7 \u0395\u03c4\u03b1\u03b9\u03c1\u03b5\u03af\u03b1 \u03c3\u03cd\u03bc\u03c6\u03c9\u03bd\u03b1 \u03bc\u03b5 \u03c4\u03bf\u03c5\u03c2 \u03c3\u03ba\u03bf\u03c0\u03bf\u03cd\u03c2 \u03c0\u03bf\u03c5 \u03b1\u03bd\u03b1\u03c6\u03ad\u03c1\u03bf\u03bd\u03c4\u03b1\u03b9 \u03c3\u03c4\u03bf \u03c0\u03b1\u03c1\u03cc\u03bd \u03ad\u03b3\u03b3\u03c1\u03b1\u03c6\u03bf.<\/p>\n\n\n\n<p>\u03a3\u03ba\u03bf\u03c0\u03bf\u03af \u03b5\u03c0\u03b5\u03be\u03b5\u03c1\u03b3\u03b1\u03c3\u03af\u03b1\u03c2 \u03c0\u03c1\u03bf\u03c3\u03c9\u03c0\u03b9\u03ba\u03ce\u03bd \u03b4\u03b5\u03b4\u03bf\u03bc\u03ad\u03bd\u03c9\u03bd: \u03a4\u03b1 \u03c0\u03c1\u03bf\u03c3\u03c9\u03c0\u03b9\u03ba\u03ac \u03c3\u03b1\u03c2 \u03b4\u03b5\u03b4\u03bf\u03bc\u03ad\u03bd\u03b1 \u03b8\u03b1 \u03b5\u03c0\u03b5\u03be\u03b5\u03c1\u03b3\u03ac\u03b6\u03bf\u03bd\u03c4\u03b1\u03b9 \u03b3\u03b9\u03b1 \u03bd\u03b1 \u03b1\u03c0\u03b1\u03bd\u03c4\u03ae\u03c3\u03bf\u03c5\u03bc\u03b5 \u03c3\u03c4\u03b9\u03c2 \u03b1\u03b9\u03c4\u03ae\u03c3\u03b5\u03b9\u03c2 \u03c0\u03bf\u03c5 \u03c5\u03c0\u03bf\u03b2\u03ac\u03bb\u03bb\u03b5\u03c4\u03b5 \u03bc\u03ad\u03c3\u03c9 \u03c4\u03b7\u03c2 \u03b9\u03c3\u03c4\u03bf\u03c3\u03b5\u03bb\u03af\u03b4\u03b1\u03c2 \u03bc\u03b1\u03c2, \u03b3\u03b9\u03b1 \u03bd\u03b1 \u03b5\u03c0\u03b9\u03ba\u03bf\u03b9\u03bd\u03c9\u03bd\u03ae\u03c3\u03bf\u03c5\u03bc\u03b5 \u03bc\u03b1\u03b6\u03af \u03c3\u03b1\u03c2 \u03ba\u03b1\u03b9 \u03b3\u03b9\u03b1 \u03bd\u03b1 \u03c3\u03c5\u03bd\u03b5\u03c1\u03b3\u03b1\u03c3\u03c4\u03bf\u03cd\u03bc\u03b5. \u0395\u03c0\u03b9\u03c0\u03bb\u03ad\u03bf\u03bd, \u03bc\u03c0\u03bf\u03c1\u03bf\u03cd\u03bd \u03bd\u03b1 \u03c7\u03c1\u03b7\u03c3\u03b9\u03bc\u03bf\u03c0\u03bf\u03b9\u03b7\u03b8\u03bf\u03cd\u03bd \u03b3\u03b9\u03b1 \u03c4\u03b7\u03bd \u03c0\u03b1\u03c1\u03bf\u03c7\u03ae \u03c0\u03bb\u03b7\u03c1\u03bf\u03c6\u03bf\u03c1\u03b9\u03ce\u03bd \u03c3\u03c7\u03b5\u03c4\u03b9\u03ba\u03ac \u03bc\u03b5 \u03c4\u03b1 \u03c0\u03c1\u03bf\u03ca\u03cc\u03bd\u03c4\u03b1 \u03ba\u03b1\u03b9 \u03c4\u03b9\u03c2 \u03c5\u03c0\u03b7\u03c1\u03b5\u03c3\u03af\u03b5\u03c2 \u03bc\u03b1\u03c2 \u03c3\u03cd\u03bc\u03c6\u03c9\u03bd\u03b1 \u03bc\u03b5 \u03c4\u03b1 \u03b1\u03b9\u03c4\u03ae\u03bc\u03b1\u03c4\u03ac \u03c3\u03b1\u03c2.<\/p>\n\n\n\n<p>\u03a0\u03b5\u03c1\u03af\u03bf\u03b4\u03bf\u03c2 \u03b5\u03c0\u03b5\u03be\u03b5\u03c1\u03b3\u03b1\u03c3\u03af\u03b1\u03c2 \u03c0\u03c1\u03bf\u03c3\u03c9\u03c0\u03b9\u03ba\u03ce\u03bd \u03b4\u03b5\u03b4\u03bf\u03bc\u03ad\u03bd\u03c9\u03bd: \u03a4\u03b1 \u03c0\u03c1\u03bf\u03c3\u03c9\u03c0\u03b9\u03ba\u03ac \u03c3\u03b1\u03c2 \u03b4\u03b5\u03b4\u03bf\u03bc\u03ad\u03bd\u03b1 \u03b8\u03b1 \u03b1\u03c0\u03bf\u03b8\u03b7\u03ba\u03b5\u03cd\u03bf\u03bd\u03c4\u03b1\u03b9 \u03b3\u03b9\u03b1 \u03c4\u03bf\u03bd \u03ba\u03b1\u03b8\u03bf\u03c1\u03b9\u03c3\u03bc\u03ad\u03bd\u03bf \u03c7\u03c1\u03bf\u03bd\u03b9\u03ba\u03cc \u03b4\u03b9\u03ac\u03c3\u03c4\u03b7\u03bc\u03b1 \u03c3\u03cd\u03bc\u03c6\u03c9\u03bd\u03b1 \u03bc\u03b5 \u03c4\u03b7\u03bd \u03b9\u03c3\u03c7\u03cd\u03bf\u03c5\u03c3\u03b1 \u03bd\u03bf\u03bc\u03bf\u03b8\u03b5\u03c3\u03af\u03b1 \u03ba\u03b1\u03b9 \u03c4\u03bf\u03bd \u03c3\u03ba\u03bf\u03c0\u03cc \u03c4\u03b7\u03c2 \u03b5\u03c0\u03b5\u03be\u03b5\u03c1\u03b3\u03b1\u03c3\u03af\u03b1\u03c2.<\/p>\n\n\n\n<p>\u0394\u03b9\u03ba\u03b1\u03b9\u03ce\u03bc\u03b1\u03c4\u03b1 \u03c4\u03bf\u03c5 \u03c5\u03c0\u03bf\u03ba\u03b5\u03b9\u03bc\u03ad\u03bd\u03bf\u03c5 \u03b4\u03b5\u03b4\u03bf\u03bc\u03ad\u03bd\u03c9\u03bd: \u03a3\u03cd\u03bc\u03c6\u03c9\u03bd\u03b1 \u03bc\u03b5 \u03c4\u03bf\u03bd \u039a\u0392\u039a\u039a, \u03c9\u03c2 \u03c5\u03c0\u03bf\u03ba\u03b5\u03af\u03bc\u03b5\u03bd\u03b1 \u03b4\u03b5\u03b4\u03bf\u03bc\u03ad\u03bd\u03c9\u03bd, \u03ad\u03c7\u03b5\u03c4\u03b5 \u03bf\u03c1\u03b9\u03c3\u03bc\u03ad\u03bd\u03b1 \u03b4\u03b9\u03ba\u03b1\u03b9\u03ce\u03bc\u03b1\u03c4\u03b1 \u03c3\u03c7\u03b5\u03c4\u03b9\u03ba\u03ac \u03bc\u03b5 \u03c4\u03b7\u03bd \u03b5\u03c0\u03b5\u03be\u03b5\u03c1\u03b3\u03b1\u03c3\u03af\u03b1 \u03c4\u03c9\u03bd \u03c0\u03c1\u03bf\u03c3\u03c9\u03c0\u03b9\u03ba\u03ce\u03bd \u03c3\u03b1\u03c2 \u03b4\u03b5\u03b4\u03bf\u03bc\u03ad\u03bd\u03c9\u03bd. \u039c\u03c0\u03bf\u03c1\u03b5\u03af\u03c4\u03b5 \u03bd\u03b1 \u03c7\u03c1\u03b7\u03c3\u03b9\u03bc\u03bf\u03c0\u03bf\u03b9\u03ae\u03c3\u03b5\u03c4\u03b5 \u03c4\u03b1 \u03b5\u03c0\u03b9\u03ba\u03bf\u03b9\u03bd\u03c9\u03bd\u03b9\u03b1\u03ba\u03ac \u03ba\u03b1\u03bd\u03ac\u03bb\u03b9\u03b1 \u03c0\u03bf\u03c5 \u03c0\u03b1\u03c1\u03ad\u03c7\u03bf\u03bd\u03c4\u03b1\u03b9 \u03c3\u03c4\u03b7\u03bd \u03b5\u03bd\u03cc\u03c4\u03b7\u03c4\u03b1 \u03a3\u03c4\u03bf\u03b9\u03c7\u03b5\u03af\u03b1 \u0395\u03c0\u03b9\u03ba\u03bf\u03b9\u03bd\u03c9\u03bd\u03af\u03b1\u03c2 \u03c4\u03b7\u03c2 \u0395\u03c4\u03b1\u03b9\u03c1\u03b5\u03af\u03b1\u03c2 \u03b3\u03b9\u03b1 \u03bd\u03b1 \u03b1\u03c3\u03ba\u03ae\u03c3\u03b5\u03c4\u03b5 \u03b1\u03c5\u03c4\u03ac \u03c4\u03b1 \u03b4\u03b9\u03ba\u03b1\u03b9\u03ce\u03bc\u03b1\u03c4\u03b1.<\/p>\n\n\n\n<p>\u0391\u03c3\u03c6\u03ac\u03bb\u03b5\u03b9\u03b1 \u03c4\u03c9\u03bd \u03c0\u03c1\u03bf\u03c3\u03c9\u03c0\u03b9\u03ba\u03ce\u03bd \u03b4\u03b5\u03b4\u03bf\u03bc\u03ad\u03bd\u03c9\u03bd: \u0388\u03c7\u03bf\u03c5\u03bd \u03bb\u03b7\u03c6\u03b8\u03b5\u03af \u03c4\u03b5\u03c7\u03bd\u03b9\u03ba\u03ac \u03ba\u03b1\u03b9 \u03b4\u03b9\u03bf\u03b9\u03ba\u03b7\u03c4\u03b9\u03ba\u03ac \u03bc\u03ad\u03c4\u03c1\u03b1 \u03b3\u03b9\u03b1 \u03c4\u03b7 \u03b4\u03b9\u03b1\u03c3\u03c6\u03ac\u03bb\u03b9\u03c3\u03b7 \u03c4\u03b7\u03c2 \u03b1\u03c3\u03c6\u03ac\u03bb\u03b5\u03b9\u03b1\u03c2 \u03c4\u03c9\u03bd \u03c0\u03c1\u03bf\u03c3\u03c9\u03c0\u03b9\u03ba\u03ce\u03bd \u03c3\u03b1\u03c2 \u03b4\u03b5\u03b4\u03bf\u03bc\u03ad\u03bd\u03c9\u03bd, \u03ba\u03b1\u03b8\u03ce\u03c2 \u03ba\u03b1\u03b9 \u03c0\u03c1\u03bf\u03c6\u03c5\u03bb\u03ac\u03be\u03b5\u03b9\u03c2 \u03b3\u03b9\u03b1 \u03c4\u03b7\u03bd \u03b1\u03c0\u03bf\u03c4\u03c1\u03bf\u03c0\u03ae \u03bc\u03b7 \u03b5\u03be\u03bf\u03c5\u03c3\u03b9\u03bf\u03b4\u03bf\u03c4\u03b7\u03bc\u03ad\u03bd\u03b7\u03c2 \u03c0\u03c1\u03cc\u03c3\u03b2\u03b1\u03c3\u03b7\u03c2, \u03c7\u03c1\u03ae\u03c3\u03b7\u03c2 \u03ae \u03b1\u03c0\u03bf\u03ba\u03ac\u03bb\u03c5\u03c8\u03b7\u03c2 \u03c4\u03c9\u03bd \u03c0\u03c1\u03bf\u03c3\u03c9\u03c0\u03b9\u03ba\u03ce\u03bd \u03c3\u03b1\u03c2 \u03b4\u03b5\u03b4\u03bf\u03bc\u03ad\u03bd\u03c9\u03bd.<\/p>\n\n\n\n<p>Cookies: \u039c\u03c0\u03bf\u03c1\u03b5\u03af\u03c4\u03b5 \u03bd\u03b1 \u03b2\u03c1\u03b5\u03af\u03c4\u03b5 \u03bb\u03b5\u03c0\u03c4\u03bf\u03bc\u03b5\u03c1\u03b5\u03af\u03c2 \u03c0\u03bb\u03b7\u03c1\u03bf\u03c6\u03bf\u03c1\u03af\u03b5\u03c2 \u03c3\u03c7\u03b5\u03c4\u03b9\u03ba\u03ac \u03bc\u03b5 \u03c4\u03b7 \u03c7\u03c1\u03ae\u03c3\u03b7 \u03c4\u03c9\u03bd cookies \u03ba\u03b1\u03c4\u03ac \u03c4\u03b7\u03bd \u03b5\u03c0\u03af\u03c3\u03ba\u03b5\u03c8\u03ae \u03c3\u03b1\u03c2 \u03c3\u03c4\u03b7\u03bd \u03b9\u03c3\u03c4\u03bf\u03c3\u03b5\u03bb\u03af\u03b4\u03b1 \u03bc\u03b1\u03c2 \u03c3\u03c4\u03bf \u03c4\u03bc\u03ae\u03bc\u03b1 \u03a0\u03bf\u03bb\u03b9\u03c4\u03b9\u03ba\u03ae Cookies.<\/p>\n\n\n\n<p>\u0393\u03b9\u03b1 \u03bd\u03b1 \u03bb\u03ac\u03b2\u03b5\u03c4\u03b5 \u03c0\u03b5\u03c1\u03b9\u03c3\u03c3\u03cc\u03c4\u03b5\u03c1\u03b5\u03c2 \u03c0\u03bb\u03b7\u03c1\u03bf\u03c6\u03bf\u03c1\u03af\u03b5\u03c2 \u03c3\u03c7\u03b5\u03c4\u03b9\u03ba\u03ac \u03bc\u03b5 \u03c4\u03b7\u03bd \u03b5\u03c0\u03b5\u03be\u03b5\u03c1\u03b3\u03b1\u03c3\u03af\u03b1 \u03c4\u03c9\u03bd \u03c0\u03c1\u03bf\u03c3\u03c9\u03c0\u03b9\u03ba\u03ce\u03bd \u03c3\u03b1\u03c2 \u03b4\u03b5\u03b4\u03bf\u03bc\u03ad\u03bd\u03c9\u03bd \u03ae \u03b3\u03b9\u03b1 \u03bd\u03b1 \u03b1\u03c3\u03ba\u03ae\u03c3\u03b5\u03c4\u03b5 \u03c4\u03b1 \u03b4\u03b9\u03ba\u03b1\u03b9\u03ce\u03bc\u03b1\u03c4\u03ac \u03c3\u03b1\u03c2 \u03c3\u03cd\u03bc\u03c6\u03c9\u03bd\u03b1 \u03bc\u03b5 \u03c4\u03bf\u03bd \u039a\u0392\u039a\u039a, \u03c0\u03b1\u03c1\u03b1\u03ba\u03b1\u03bb\u03bf\u03cd\u03bc\u03b5 \u03b5\u03c0\u03b9\u03ba\u03bf\u03b9\u03bd\u03c9\u03bd\u03ae\u03c3\u03c4\u03b5 \u03bc\u03b1\u03b6\u03af \u03bc\u03b1\u03c2<\/p>\n\n\n\n<p>\u039c\u03b5 \u03b5\u03ba\u03c4\u03af\u03bc\u03b7\u03c3\u03b7,<\/p>","protected":false},"excerpt":{"rendered":"<p>Say\u0131n Ziyaret\u00e7i, Pelsan Pelet Sanayi ve Ticaret Anonim \u015eirketi (&#8220;\u015eirket&#8221;), m\u00fc\u015fterilerinin ve web sitesi ziyaret\u00e7ilerinin ki\u015fisel verilerinin gizlili\u011fini \u00f6nemsemekte ve korumakta b\u00fcy\u00fck bir hassasiyet g\u00f6stermektedir. Bu nedenle, \u015eirket olarak, KVKK kapsam\u0131nda ki\u015fisel verilerinizi i\u015flemek ve korumak i\u00e7in gerekli \u00f6nlemleri almaktay\u0131z. KVKK kapsam\u0131nda, ki\u015fisel verilerinizin i\u015flenmesi, saklanmas\u0131 ve g\u00fcvenli\u011fine ili\u015fkin olarak a\u015fa\u011f\u0131daki hususlar\u0131 bilmenizi isteriz: Veri [&hellip;]<\/p>","protected":false},"author":2,"featured_media":0,"parent":0,"menu_order":0,"comment_status":"closed","ping_status":"closed","template":"","meta":{"footnotes":""},"class_list":["post-289","page","type-page","status-publish","hentry"],"_links":{"self":[{"href":"https:\/\/pelsanpelet.com.tr\/el\/wp-json\/wp\/v2\/pages\/289","targetHints":{"allow":["GET"]}}],"collection":[{"href":"https:\/\/pelsanpelet.com.tr\/el\/wp-json\/wp\/v2\/pages"}],"about":[{"href":"https:\/\/pelsanpelet.com.tr\/el\/wp-json\/wp\/v2\/types\/page"}],"author":[{"embeddable":true,"href":"https:\/\/pelsanpelet.com.tr\/el\/wp-json\/wp\/v2\/users\/2"}],"replies":[{"embeddable":true,"href":"https:\/\/pelsanpelet.com.tr\/el\/wp-json\/wp\/v2\/comments?post=289"}],"version-history":[{"count":1,"href":"https:\/\/pelsanpelet.com.tr\/el\/wp-json\/wp\/v2\/pages\/289\/revisions"}],"predecessor-version":[{"id":290,"href":"https:\/\/pelsanpelet.com.tr\/el\/wp-json\/wp\/v2\/pages\/289\/revisions\/290"}],"wp:attachment":[{"href":"https:\/\/pelsanpelet.com.tr\/el\/wp-json\/wp\/v2\/media?parent=289"}],"curies":[{"name":"wp","href":"https:\/\/api.w.org\/{rel}","templated":true}]}}