{"id":233,"date":"2024-05-31T06:04:51","date_gmt":"2024-05-31T06:04:51","guid":{"rendered":"https:\/\/pelsanpelet.com.tr\/?page_id=233"},"modified":"2024-06-11T08:14:40","modified_gmt":"2024-06-11T08:14:40","slug":"kurumsal","status":"publish","type":"page","link":"https:\/\/pelsanpelet.com.tr\/el\/kurumsal\/","title":{"rendered":"\u03a3\u03c7\u03b5\u03c4\u03b9\u03ba\u03ac \u03bc\u03b5 \u03b5\u03bc\u03ac\u03c2"},"content":{"rendered":"<div data-elementor-type=\"wp-page\" data-elementor-id=\"233\" class=\"elementor elementor-233\" data-elementor-post-type=\"page\">\n\t\t\t\t\t\t<section class=\"elementor-section elementor-top-section elementor-element elementor-element-1636c56c elementor-section-boxed elementor-section-height-default elementor-section-height-default\" data-id=\"1636c56c\" data-element_type=\"section\" data-settings=\"{&quot;background_background&quot;:&quot;classic&quot;}\">\n\t\t\t\t\t\t\t<div class=\"elementor-background-overlay\"><\/div>\n\t\t\t\t\t\t\t<div class=\"elementor-container elementor-column-gap-default\">\n\t\t\t\t\t<div class=\"elementor-column elementor-col-100 elementor-top-column elementor-element elementor-element-64ed06fb\" data-id=\"64ed06fb\" data-element_type=\"column\">\n\t\t\t<div class=\"elementor-widget-wrap elementor-element-populated\">\n\t\t\t\t\t\t<div class=\"elementor-element elementor-element-2ae7282d elementor-invisible elementor-widget elementor-widget-heading\" data-id=\"2ae7282d\" data-element_type=\"widget\" data-settings=\"{&quot;_animation&quot;:&quot;fadeInUp&quot;}\" data-widget_type=\"heading.default\">\n\t\t\t\t<div class=\"elementor-widget-container\">\n\t\t\t<style>\/*! elementor - v3.20.0 - 11-03-2024 *\/\n.elementor-heading-title{padding:0;margin:0;line-height:1}.elementor-widget-heading .elementor-heading-title[class*=elementor-size-]>a{color:inherit;font-size:inherit;line-height:inherit}.elementor-widget-heading .elementor-heading-title.elementor-size-small{font-size:15px}.elementor-widget-heading .elementor-heading-title.elementor-size-medium{font-size:19px}.elementor-widget-heading .elementor-heading-title.elementor-size-large{font-size:29px}.elementor-widget-heading .elementor-heading-title.elementor-size-xl{font-size:39px}.elementor-widget-heading .elementor-heading-title.elementor-size-xxl{font-size:59px}<\/style><h1 class=\"elementor-heading-title elementor-size-default\">\u03a3\u03c7\u03b5\u03c4\u03b9\u03ba\u03ac \u03bc\u03b5 \u03b5\u03bc\u03ac\u03c2<\/h1>\t\t<\/div>\n\t\t\t\t<\/div>\n\t\t\t\t\t<\/div>\n\t\t<\/div>\n\t\t\t\t\t<\/div>\n\t\t<\/section>\n\t\t\t\t<section class=\"elementor-section elementor-top-section elementor-element elementor-element-49d9ce2d elementor-section-boxed elementor-section-height-default elementor-section-height-default\" data-id=\"49d9ce2d\" data-element_type=\"section\" data-settings=\"{&quot;background_background&quot;:&quot;classic&quot;}\">\n\t\t\t\t\t\t\t<div class=\"elementor-background-overlay\"><\/div>\n\t\t\t\t\t\t\t<div class=\"elementor-container elementor-column-gap-default\">\n\t\t\t\t\t<div class=\"elementor-column elementor-col-100 elementor-top-column elementor-element elementor-element-62ad9d15\" data-id=\"62ad9d15\" data-element_type=\"column\">\n\t\t\t<div class=\"elementor-widget-wrap elementor-element-populated\">\n\t\t\t\t\t\t<div class=\"elementor-element elementor-element-432d966e elementor-widget elementor-widget-heading\" data-id=\"432d966e\" data-element_type=\"widget\" data-widget_type=\"heading.default\">\n\t\t\t\t<div class=\"elementor-widget-container\">\n\t\t\t<h2 class=\"elementor-heading-title elementor-size-default\">\u03a0\u03b5\u03bb\u03c3\u03ac\u03bd \u0392\u03b9\u03bf\u03bc\u03b7\u03c7\u03b1\u03bd\u03af\u03b1 \u03a0\u03ad\u03bb\u03bb\u03b5\u03c4 \u03ba\u03b1\u03b9 \u0395\u03bc\u03c0\u03cc\u03c1\u03b9\u03bf \u0391.\u0395. <\/h2>\t\t<\/div>\n\t\t\t\t<\/div>\n\t\t\t\t<div class=\"elementor-element elementor-element-433ff37f elementor-widget elementor-widget-text-editor\" data-id=\"433ff37f\" data-element_type=\"widget\" data-widget_type=\"text-editor.default\">\n\t\t\t\t<div class=\"elementor-widget-container\">\n\t\t\t<style>\/*! elementor - v3.20.0 - 11-03-2024 *\/\n.elementor-widget-text-editor.elementor-drop-cap-view-stacked .elementor-drop-cap{background-color:#69727d;color:#fff}.elementor-widget-text-editor.elementor-drop-cap-view-framed .elementor-drop-cap{color:#69727d;border:3px solid;background-color:transparent}.elementor-widget-text-editor:not(.elementor-drop-cap-view-default) .elementor-drop-cap{margin-top:8px}.elementor-widget-text-editor:not(.elementor-drop-cap-view-default) .elementor-drop-cap-letter{width:1em;height:1em}.elementor-widget-text-editor .elementor-drop-cap{float:left;text-align:center;line-height:1;font-size:50px}.elementor-widget-text-editor .elementor-drop-cap-letter{display:inline-block}<\/style>\t\t\t\t<p>\u0399\u03b4\u03c1\u03cd\u03b8\u03b7\u03ba\u03b5 \u03c4\u03bf 2022, \u03b7 Pelsan \u0392\u03b9\u03bf\u03bc\u03b7\u03c7\u03b1\u03bd\u03af\u03b1 \u03a0\u03ad\u03bb\u03bb\u03b5\u03c4 \u03ba\u03b1\u03b9 \u0395\u03bc\u03c0\u03cc\u03c1\u03b9\u03bf \u0391.\u0395. \u03bb\u03b5\u03b9\u03c4\u03bf\u03c5\u03c1\u03b3\u03b5\u03af \u03bc\u03b5 \u03b5\u03c4\u03ae\u03c3\u03b9\u03b1 \u03c0\u03b1\u03c1\u03b1\u03b3\u03c9\u03b3\u03b9\u03ba\u03ae \u03b9\u03ba\u03b1\u03bd\u03cc\u03c4\u03b7\u03c4\u03b1 11.400 \u03c4\u03cc\u03bd\u03c9\u03bd \u03c0\u03ad\u03bb\u03bb\u03b5\u03c4.<\/p><p>\u039a\u03b1\u03b8\u03ce\u03c2 \u03b7 \u03b2\u03b9\u03c9\u03c3\u03b9\u03bc\u03cc\u03c4\u03b7\u03c4\u03b1 \u03ba\u03b1\u03b9 \u03b7 \u03c0\u03b5\u03c1\u03b9\u03b2\u03b1\u03bb\u03bb\u03bf\u03bd\u03c4\u03b9\u03ba\u03ae \u03b5\u03c5\u03b1\u03b9\u03c3\u03b8\u03b7\u03c4\u03bf\u03c0\u03bf\u03af\u03b7\u03c3\u03b7 \u03b3\u03af\u03bd\u03bf\u03bd\u03c4\u03b1\u03b9 \u03cc\u03bb\u03bf \u03ba\u03b1\u03b9 \u03c0\u03b9\u03bf \u03c3\u03b7\u03bc\u03b1\u03bd\u03c4\u03b9\u03ba\u03ad\u03c2, \u03b7 \u03c0\u03b1\u03c1\u03b1\u03b3\u03c9\u03b3\u03ae \u03be\u03b5\u03ba\u03b9\u03bd\u03ac \u03bc\u03b5 \u03c3\u03c4\u03cc\u03c7\u03bf \u03c4\u03b7\u03bd \u03b9\u03ba\u03b1\u03bd\u03bf\u03c0\u03bf\u03af\u03b7\u03c3\u03b7 \u03c4\u03c9\u03bd \u03b8\u03b5\u03c1\u03bc\u03b9\u03ba\u03ce\u03bd \u03b1\u03bd\u03b1\u03b3\u03ba\u03ce\u03bd \u03b5\u03bd\u03ce \u03c0\u03c1\u03bf\u03c3\u03c0\u03b1\u03b8\u03b5\u03af \u03bd\u03b1 \u03b4\u03b9\u03b1\u03c4\u03b7\u03c1\u03ae\u03c3\u03b5\u03b9 \u03c4\u03bf\u03c5\u03c2 \u03c6\u03c5\u03c3\u03b9\u03ba\u03bf\u03cd\u03c2 \u03c0\u03cc\u03c1\u03bf\u03c5\u03c2.<\/p><p>\u0395\u03af\u03bc\u03b1\u03c3\u03c4\u03b5 \u03b5\u03b4\u03ce \u03b3\u03b9\u03b1 \u03bd\u03b1 \u03c0\u03c1\u03bf\u03c3\u03c6\u03ad\u03c1\u03bf\u03c5\u03bc\u03b5 \u03c4\u03b7 \u03bb\u03cd\u03c3\u03b7 \u03c0\u03bf\u03c5 \u03b1\u03bd\u03b1\u03b6\u03b7\u03c4\u03ac\u03c4\u03b5, \u03b5\u03be\u03b1\u03c3\u03c6\u03b1\u03bb\u03af\u03b6\u03bf\u03bd\u03c4\u03b1\u03c2 \u03ac\u03bd\u03b5\u03c4\u03b7 \u03b8\u03ad\u03c1\u03bc\u03b1\u03bd\u03c3\u03b7 \u03c7\u03c9\u03c1\u03af\u03c2 \u03bd\u03b1 \u03b2\u03bb\u03ac\u03c0\u03c4\u03bf\u03c5\u03bc\u03b5 \u03c4\u03bf \u03c0\u03b5\u03c1\u03b9\u03b2\u03ac\u03bb\u03bb\u03bf\u03bd. \u0397 \u03b5\u03c4\u03b1\u03b9\u03c1\u03b5\u03af\u03b1 Pelsan Pellet \u03b5\u03b9\u03b4\u03b9\u03ba\u03b5\u03cd\u03b5\u03c4\u03b1\u03b9 \u03c3\u03c4\u03b7\u03bd \u03c0\u03b1\u03c1\u03b1\u03b3\u03c9\u03b3\u03ae \u03ba\u03b1\u03c5\u03c3\u03af\u03bc\u03bf\u03c5 \u03c0\u03ad\u03bb\u03b5\u03c4, \u03bc\u03b9\u03b1\u03c2 \u03b1\u03bd\u03b1\u03bd\u03b5\u03ce\u03c3\u03b9\u03bc\u03b7\u03c2 \u03c0\u03b7\u03b3\u03ae\u03c2 \u03b5\u03bd\u03ad\u03c1\u03b3\u03b5\u03b9\u03b1\u03c2.<\/p><p>\u039f\u03b9 \u03c0\u03ad\u03bb\u03bb\u03b5\u03c4\u03c2 \u03c0\u03bf\u03c5 \u03c0\u03c1\u03bf\u03ad\u03c1\u03c7\u03bf\u03bd\u03c4\u03b1\u03b9 \u03b1\u03c0\u03cc \u03c4\u03b7\u03bd \u03b1\u03bd\u03b1\u03ba\u03cd\u03ba\u03bb\u03c9\u03c3\u03b7 \u03b1\u03c0\u03bf\u03b2\u03bb\u03ae\u03c4\u03c9\u03bd \u03be\u03cd\u03bb\u03bf\u03c5 \u03ba\u03b1\u03b9 \u03b2\u03b9\u03bf-\u03c5\u03bb\u03b9\u03ba\u03ce\u03bd \u03b5\u03be\u03b1\u03c3\u03c6\u03b1\u03bb\u03af\u03b6\u03bf\u03c5\u03bd \u03c5\u03c8\u03b7\u03bb\u03ae \u03b1\u03c0\u03bf\u03b4\u03bf\u03c4\u03b9\u03ba\u03cc\u03c4\u03b7\u03c4\u03b1 \u03b8\u03ad\u03c1\u03bc\u03b1\u03bd\u03c3\u03b7\u03c2 \u03ba\u03b1\u03b9 \u03b5\u03bb\u03b1\u03c7\u03b9\u03c3\u03c4\u03bf\u03c0\u03bf\u03b9\u03bf\u03cd\u03bd \u03c4\u03bf\u03bd \u03ac\u03bd\u03b8\u03c1\u03b1\u03ba\u03b1 \u03b1\u03c0\u03bf\u03c4\u03cd\u03c0\u03c9\u03bc\u03b1.<\/p><p>\u039c\u03c0\u03bf\u03c1\u03bf\u03cd\u03bd \u03bd\u03b1 \u03c7\u03c1\u03b7\u03c3\u03b9\u03bc\u03bf\u03c0\u03bf\u03b9\u03b7\u03b8\u03bf\u03cd\u03bd \u03c4\u03cc\u03c3\u03bf \u03c3\u03b5 \u03c3\u03c0\u03af\u03c4\u03b9\u03b1 \u03cc\u03c3\u03bf \u03ba\u03b1\u03b9 \u03c3\u03b5 \u03b5\u03bc\u03c0\u03bf\u03c1\u03b9\u03ba\u03ad\u03c2 \u03b5\u03c0\u03b9\u03c7\u03b5\u03b9\u03c1\u03ae\u03c3\u03b5\u03b9\u03c2 \u03ba\u03b1\u03b9 \u03c3\u03b5 \u03c3\u03cd\u03b3\u03ba\u03c1\u03b9\u03c3\u03b7 \u03bc\u03b5 \u03c4\u03b1 \u03c0\u03b1\u03c1\u03b1\u03b4\u03bf\u03c3\u03b9\u03b1\u03ba\u03ac \u03bf\u03c1\u03c5\u03ba\u03c4\u03ac \u03ba\u03b1\u03cd\u03c3\u03b9\u03bc\u03b1, \u03bc\u03b5\u03b9\u03ce\u03bd\u03bf\u03c5\u03bd \u03c3\u03b7\u03bc\u03b1\u03bd\u03c4\u03b9\u03ba\u03ac \u03c4\u03b9\u03c2 \u03c0\u03b5\u03c1\u03b9\u03b2\u03b1\u03bb\u03bb\u03bf\u03bd\u03c4\u03b9\u03ba\u03ad\u03c2 \u03b5\u03c0\u03b9\u03c0\u03c4\u03ce\u03c3\u03b5\u03b9\u03c2.<\/p><p>\u03a4\u03b1 \u03c0\u03c1\u03bf\u03ca\u03cc\u03bd\u03c4\u03b1 \u03bc\u03b1\u03c2 \u03b5\u03af\u03bd\u03b1\u03b9 \u03c5\u03c8\u03b7\u03bb\u03ae\u03c2 \u03c0\u03bf\u03b9\u03cc\u03c4\u03b7\u03c4\u03b1\u03c2, \u03c0\u03bb\u03b7\u03c1\u03bf\u03cd\u03bd\u03c4\u03b1\u03c2 \u03b1\u03c5\u03c3\u03c4\u03b7\u03c1\u03ac \u03c0\u03c1\u03cc\u03c4\u03c5\u03c0\u03b1 \u03b1\u03c0\u03cc\u03b4\u03bf\u03c3\u03b7\u03c2 \u03ba\u03b1\u03b9 \u03b1\u03be\u03b9\u03bf\u03c0\u03b9\u03c3\u03c4\u03af\u03b1\u03c2. \u03a9\u03c2 Pelsan Pellet, \u03b4\u03af\u03bd\u03bf\u03c5\u03bc\u03b5 \u03c0\u03ac\u03bd\u03c4\u03b1 \u03c0\u03c1\u03bf\u03c4\u03b5\u03c1\u03b1\u03b9\u03cc\u03c4\u03b7\u03c4\u03b1 \u03c3\u03c4\u03b7\u03bd \u03c0\u03b5\u03c1\u03b9\u03b2\u03b1\u03bb\u03bb\u03bf\u03bd\u03c4\u03b9\u03ba\u03ae \u03bc\u03b1\u03c2 \u03b5\u03c5\u03b1\u03b9\u03c3\u03b8\u03b7\u03c3\u03af\u03b1 \u03ba\u03b1\u03b9 \u03c4\u03b7\u03bd \u03c0\u03bf\u03b9\u03cc\u03c4\u03b7\u03c4\u03b1 \u03c4\u03c9\u03bd \u03c5\u03c0\u03b7\u03c1\u03b5\u03c3\u03b9\u03ce\u03bd \u03bc\u03b1\u03c2.<\/p><p>\u0397 \u03b1\u03c0\u03bf\u03c3\u03c4\u03bf\u03bb\u03ae \u03bc\u03b1\u03c2 \u03b5\u03af\u03bd\u03b1\u03b9 \u03bd\u03b1 \u03b2\u03b5\u03bb\u03c4\u03b9\u03ce\u03c3\u03bf\u03c5\u03bc\u03b5 \u03c4\u03b7\u03bd \u03c0\u03bf\u03b9\u03cc\u03c4\u03b7\u03c4\u03b1 \u03b6\u03c9\u03ae\u03c2 \u03c4\u03c9\u03bd \u03c0\u03b5\u03bb\u03b1\u03c4\u03ce\u03bd \u03bc\u03b1\u03c2 \u03c0\u03b1\u03c1\u03ad\u03c7\u03bf\u03bd\u03c4\u03ac\u03c2 \u03c4\u03bf\u03c5\u03c2 \u03c6\u03b9\u03bb\u03b9\u03ba\u03ad\u03c2 \u03c0\u03c1\u03bf\u03c2 \u03c4\u03bf \u03c0\u03b5\u03c1\u03b9\u03b2\u03ac\u03bb\u03bb\u03bf\u03bd, \u03bf\u03b9\u03ba\u03bf\u03bd\u03bf\u03bc\u03b9\u03ba\u03ad\u03c2 \u03ba\u03b1\u03b9 \u03b1\u03be\u03b9\u03cc\u03c0\u03b9\u03c3\u03c4\u03b5\u03c2 \u03bb\u03cd\u03c3\u03b5\u03b9\u03c2 \u03b8\u03ad\u03c1\u03bc\u03b1\u03bd\u03c3\u03b7\u03c2.<\/p><p>\u0391\u03bd \u03c8\u03ac\u03c7\u03bd\u03b5\u03c4\u03b5 \u03b3\u03b9\u03b1 \u03bc\u03b9\u03b1 \u03c0\u03b5\u03c1\u03b9\u03b2\u03b1\u03bb\u03bb\u03bf\u03bd\u03c4\u03b9\u03ba\u03ac \u03c6\u03b9\u03bb\u03b9\u03ba\u03ae \u03bb\u03cd\u03c3\u03b7 \u03b8\u03ad\u03c1\u03bc\u03b1\u03bd\u03c3\u03b7\u03c2, \u03b7 \u03b5\u03c4\u03b1\u03b9\u03c1\u03b5\u03af\u03b1 Pelsan Pellet \u03b5\u03af\u03bd\u03b1\u03b9 \u03ad\u03c4\u03bf\u03b9\u03bc\u03b7 \u03bd\u03b1 \u03c3\u03b1\u03c2 \u03c0\u03c1\u03bf\u03c3\u03c6\u03ad\u03c1\u03b5\u03b9 \u03c4\u03b7\u03bd \u03ba\u03b1\u03bb\u03cd\u03c4\u03b5\u03c1\u03b7 \u03b5\u03be\u03c5\u03c0\u03b7\u03c1\u03ad\u03c4\u03b7\u03c3\u03b7. \u03a4\u03b1 \u03c0\u03ad\u03bb\u03bb\u03b5\u03c4 \u03bc\u03b5 \u03c0\u03b5\u03c1\u03b9\u03b5\u03ba\u03c4\u03b9\u03ba\u03cc\u03c4\u03b7\u03c4\u03b1 \u03c3\u03b5 \u03c3\u03c4\u03ac\u03c7\u03c4\u03b7 \u03bc\u03cc\u03bb\u03b9\u03c2 0.5% \u03b5\u03af\u03bd\u03b1\u03b9 \u03c4\u03cc\u03c3\u03bf \u03bf\u03b9\u03ba\u03bf\u03bd\u03bf\u03bc\u03b9\u03ba\u03ac \u03cc\u03c3\u03bf \u03ba\u03b1\u03b9 \u03c6\u03b9\u03bb\u03b9\u03ba\u03ac \u03c0\u03c1\u03bf\u03c2 \u03c4\u03bf \u03c0\u03b5\u03c1\u03b9\u03b2\u03ac\u03bb\u03bb\u03bf\u03bd \u03c0\u03c1\u03bf\u03ca\u03cc\u03bd. \u0397 \u03ba\u03b1\u03cd\u03c3\u03b7 100 \u03ba\u03b9\u03bb\u03ce\u03bd \u03c0\u03b5\u03bb\u03bb\u03b5\u03c4 \u03c0\u03b1\u03c1\u03ac\u03b3\u03b5\u03b9 \u03bc\u03cc\u03bd\u03bf 0.5 \u03ba\u03b9\u03bb\u03cc \u03c3\u03c4\u03ac\u03c7\u03c4\u03b7 \u03ba\u03b1\u03c4\u03ac \u03bc\u03ad\u03c3\u03bf \u03cc\u03c1\u03bf.<\/p>\t\t\t\t\t\t<\/div>\n\t\t\t\t<\/div>\n\t\t\t\t\t<\/div>\n\t\t<\/div>\n\t\t\t\t\t<\/div>\n\t\t<\/section>\n\t\t\t\t<\/div>","protected":false},"excerpt":{"rendered":"<p>Pelsan Pelet ve Sanayi Ticaret A.\u015f 2022 y\u0131l\u0131nda kurulan Pelsan Pelet ve Sanayi Ticaret A.\u015f ; Y\u0131ll\u0131k 11.400 Ton Pelet \u00fcretimi kapasitesiyle hizmet vermektedir. S\u00fcrd\u00fcr\u00fclebilirlik ve \u00e7evresel bilin\u00e7 giderek daha \u00f6nemli hale gelirken, \u0131s\u0131tma ihtiya\u00e7lar\u0131n\u0131z\u0131 kar\u015f\u0131larken do\u011fal kaynaklar\u0131 korumak amac\u0131yla \u00fcretime ba\u015flam\u0131\u015ft\u0131r. Arad\u0131\u011f\u0131n\u0131z \u00e7\u00f6z\u00fcm\u00fc sunan , do\u011faya zarar vermeden konforlu bir \u0131s\u0131nma sa\u011flamak i\u00e7in buraday\u0131z. [&hellip;]<\/p>","protected":false},"author":2,"featured_media":0,"parent":0,"menu_order":0,"comment_status":"closed","ping_status":"closed","template":"","meta":{"footnotes":""},"class_list":["post-233","page","type-page","status-publish","hentry"],"_links":{"self":[{"href":"https:\/\/pelsanpelet.com.tr\/el\/wp-json\/wp\/v2\/pages\/233","targetHints":{"allow":["GET"]}}],"collection":[{"href":"https:\/\/pelsanpelet.com.tr\/el\/wp-json\/wp\/v2\/pages"}],"about":[{"href":"https:\/\/pelsanpelet.com.tr\/el\/wp-json\/wp\/v2\/types\/page"}],"author":[{"embeddable":true,"href":"https:\/\/pelsanpelet.com.tr\/el\/wp-json\/wp\/v2\/users\/2"}],"replies":[{"embeddable":true,"href":"https:\/\/pelsanpelet.com.tr\/el\/wp-json\/wp\/v2\/comments?post=233"}],"version-history":[{"count":14,"href":"https:\/\/pelsanpelet.com.tr\/el\/wp-json\/wp\/v2\/pages\/233\/revisions"}],"predecessor-version":[{"id":353,"href":"https:\/\/pelsanpelet.com.tr\/el\/wp-json\/wp\/v2\/pages\/233\/revisions\/353"}],"wp:attachment":[{"href":"https:\/\/pelsanpelet.com.tr\/el\/wp-json\/wp\/v2\/media?parent=233"}],"curies":[{"name":"wp","href":"https:\/\/api.w.org\/{rel}","templated":true}]}}