{"id":289,"date":"2024-06-05T11:33:30","date_gmt":"2024-06-05T11:33:30","guid":{"rendered":"https:\/\/pelsanpelet.com.tr\/?page_id=289"},"modified":"2024-06-05T11:33:30","modified_gmt":"2024-06-05T11:33:30","slug":"kvkk-aydinlatma-metni","status":"publish","type":"page","link":"https:\/\/pelsanpelet.com.tr\/bg\/kvkk-aydinlatma-metni\/","title":{"rendered":"\u0418\u043d\u0444\u043e\u0440\u043c\u0430\u0446\u0438\u043e\u043d\u043d\u043e \u0441\u044a\u043e\u0431\u0449\u0435\u043d\u0438\u0435 GDPR"},"content":{"rendered":"<p>\u0423\u0432\u0430\u0436\u0430\u0435\u043c \u043f\u043e\u0441\u0435\u0442\u0438\u0442\u0435\u043b\u044e,<\/p>\n\n\n\n<p>\u041f\u0435\u043b\u0441\u0430\u043d \u041f\u0435\u043b\u0435\u0442 \u0421\u0430\u043d\u0430\u0438 \u0438 \u0422\u044a\u0440\u0433\u043e\u0432\u0438\u044f \u0410\u0414 (\"\u041a\u043e\u043c\u043f\u0430\u043d\u0438\u044f\u0442\u0430\") \u043e\u0442\u0434\u0430\u0432\u0430 \u0433\u043e\u043b\u044f\u043c\u043e \u0437\u043d\u0430\u0447\u0435\u043d\u0438\u0435 \u043d\u0430 \u0437\u0430\u0447\u0438\u0442\u0430\u043d\u0435\u0442\u043e \u0438 \u0437\u0430\u0449\u0438\u0442\u0430\u0442\u0430 \u043d\u0430 \u043b\u0438\u0447\u043d\u0438\u0442\u0435 \u0434\u0430\u043d\u043d\u0438 \u043d\u0430 \u0441\u0432\u043e\u0438\u0442\u0435 \u043a\u043b\u0438\u0435\u043d\u0442\u0438 \u0438 \u043f\u043e\u0441\u0435\u0442\u0438\u0442\u0435\u043b\u0438 \u043d\u0430 \u0443\u0435\u0431\u0441\u0430\u0439\u0442\u0430. \u041f\u043e\u0440\u0430\u0434\u0438 \u0442\u043e\u0432\u0430, \u043a\u0430\u0442\u043e \u041a\u043e\u043c\u043f\u0430\u043d\u0438\u044f \u043f\u0440\u0438\u0435\u043c\u0430\u043c\u0435 \u043d\u0435\u043e\u0431\u0445\u043e\u0434\u0438\u043c\u0438\u0442\u0435 \u043c\u0435\u0440\u043a\u0438 \u0437\u0430 \u043e\u0431\u0440\u0430\u0431\u043e\u0442\u0432\u0430\u043d\u0435 \u0438 \u0437\u0430\u0449\u0438\u0442\u0430 \u043d\u0430 \u0432\u0430\u0448\u0438\u0442\u0435 \u043b\u0438\u0447\u043d\u0438 \u0434\u0430\u043d\u043d\u0438 \u0432 \u0441\u044a\u043e\u0442\u0432\u0435\u0442\u0441\u0442\u0432\u0438\u0435 \u0441 \u0417\u0430\u043a\u043e\u043d\u0430 \u0437\u0430 \u0437\u0430\u0449\u0438\u0442\u0430 \u043d\u0430 \u043b\u0438\u0447\u043d\u0438\u0442\u0435 \u0434\u0430\u043d\u043d\u0438 (\u041a\u0412\u041a\u041a).<\/p>\n\n\n\n<p>\u041f\u0440\u0438\u043b\u043e\u0436\u0435\u043d\u0438\u0435 \u043d\u0430 \u041a\u0412\u041a\u041a (\u0417\u0430\u043a\u043e\u043d \u0437\u0430 \u0437\u0430\u0449\u0438\u0442\u0430 \u043d\u0430 \u043b\u0438\u0447\u043d\u0438\u0442\u0435 \u0434\u0430\u043d\u043d\u0438), \u0431\u0438\u0445\u043c\u0435 \u0436\u0435\u043b\u0430\u043b\u0438 \u0434\u0430 \u0432\u0438 \u0443\u0432\u0435\u0434\u043e\u043c\u0438\u043c \u0437\u0430 \u0441\u043b\u0435\u0434\u043d\u043e\u0442\u043e \u043e\u0442\u043d\u043e\u0441\u043d\u043e \u043e\u0431\u0440\u0430\u0431\u043e\u0442\u043a\u0430\u0442\u0430, \u0441\u044a\u0445\u0440\u0430\u043d\u0435\u043d\u0438\u0435\u0442\u043e \u0438 \u0437\u0430\u0449\u0438\u0442\u0430\u0442\u0430 \u043d\u0430 \u0432\u0430\u0448\u0438\u0442\u0435 \u043b\u0438\u0447\u043d\u0438 \u0434\u0430\u043d\u043d\u0438:<\/p>\n\n\n\n<p>\u041e\u0442\u0433\u043e\u0432\u043e\u0440\u043d\u043e \u043b\u0438\u0446\u0435 \u043f\u043e \u0434\u0430\u043d\u043d\u0438: \u0412\u0430\u0448\u0438\u0442\u0435 \u043b\u0438\u0447\u043d\u0438 \u0434\u0430\u043d\u043d\u0438 \u0449\u0435 \u0431\u044a\u0434\u0430\u0442 \u043e\u0431\u0440\u0430\u0431\u043e\u0442\u0432\u0430\u043d\u0438 \u043e\u0442 \u041f\u0435\u043b\u0441\u0430\u043d \u041f\u0435\u043b\u0435\u0442 \u0418\u043d\u0434\u0443\u0441\u0442\u0440\u0438 \u0438 \u0422\u044a\u0440\u0433\u043e\u0432\u0438\u044f \u0410\u0414 \u0441\u044a\u0433\u043b\u0430\u0441\u043d\u043e \u043f\u043e\u0441\u043e\u0447\u0435\u043d\u0438\u0442\u0435 \u0432 \u043d\u0430\u0441\u0442\u043e\u044f\u0449\u0438\u044f \u0434\u043e\u043a\u0443\u043c\u0435\u043d\u0442 \u0446\u0435\u043b\u0438.<\/p>\n\n\n\n<p>\u0426\u0435\u043b\u0438\u0442\u0435 \u0437\u0430 \u043e\u0431\u0440\u0430\u0431\u043e\u0442\u043a\u0430 \u043d\u0430 \u043b\u0438\u0447\u043d\u0438\u0442\u0435 \u0434\u0430\u043d\u043d\u0438: \u0412\u0430\u0448\u0438\u0442\u0435 \u043b\u0438\u0447\u043d\u0438 \u0434\u0430\u043d\u043d\u0438 \u0449\u0435 \u0441\u0435 \u043e\u0431\u0440\u0430\u0431\u043e\u0442\u0432\u0430\u0442 \u0441 \u0446\u0435\u043b \u043e\u0442\u0433\u043e\u0432\u043e\u0440 \u043d\u0430 \u0437\u0430\u044f\u0432\u043b\u0435\u043d\u0438\u044f\u0442\u0430, \u043a\u043e\u0438\u0442\u043e \u0438\u0437\u043f\u0440\u0430\u0449\u0430\u0442\u0435 \u0447\u0440\u0435\u0437 \u043d\u0430\u0448\u0438\u044f \u0443\u0435\u0431\u0441\u0430\u0439\u0442, \u0437\u0430 \u0443\u0441\u0442\u0430\u043d\u043e\u0432\u044f\u0432\u0430\u043d\u0435 \u043d\u0430 \u043a\u043e\u043d\u0442\u0430\u043a\u0442 \u0441 \u0432\u0430\u0441 \u0438 \u0437\u0430 \u0441\u044a\u0442\u0440\u0443\u0434\u043d\u0438\u0447\u0435\u0441\u0442\u0432\u043e. \u041e\u0441\u0432\u0435\u043d \u0442\u043e\u0432\u0430 \u0442\u0435 \u043c\u043e\u0433\u0430\u0442 \u0434\u0430 \u0431\u044a\u0434\u0430\u0442 \u0438\u0437\u043f\u043e\u043b\u0437\u0432\u0430\u043d\u0438 \u0438 \u0437\u0430 \u043f\u0440\u0435\u0434\u043e\u0441\u0442\u0430\u0432\u044f\u043d\u0435 \u043d\u0430 \u0438\u043d\u0444\u043e\u0440\u043c\u0430\u0446\u0438\u044f \u0437\u0430 \u043d\u0430\u0448\u0438\u0442\u0435 \u043f\u0440\u043e\u0434\u0443\u043a\u0442\u0438 \u0438 \u0443\u0441\u043b\u0443\u0433\u0438 \u0432 \u0441\u044a\u043e\u0442\u0432\u0435\u0442\u0441\u0442\u0432\u0438\u0435 \u0441 \u0432\u0430\u0448\u0438\u0442\u0435 \u0437\u0430\u044f\u0432\u043a\u0438.<\/p>\n\n\n\n<p>\u041f\u0435\u0440\u0438\u043e\u0434\u044a\u0442 \u0437\u0430 \u043e\u0431\u0440\u0430\u0431\u043e\u0442\u043a\u0430 \u043d\u0430 \u043b\u0438\u0447\u043d\u0438\u0442\u0435 \u0434\u0430\u043d\u043d\u0438: \u0412\u0430\u0448\u0438\u0442\u0435 \u043b\u0438\u0447\u043d\u0438 \u0434\u0430\u043d\u043d\u0438 \u0449\u0435 \u0431\u044a\u0434\u0430\u0442 \u0441\u044a\u0445\u0440\u0430\u043d\u044f\u0432\u0430\u043d\u0438 \u0432 \u0440\u0430\u043c\u043a\u0438\u0442\u0435 \u043d\u0430 \u043e\u043f\u0440\u0435\u0434\u0435\u043b\u0435\u043d\u0438\u0442\u0435 \u0441\u0440\u043e\u043a\u043e\u0432\u0435, \u043e\u043f\u0440\u0435\u0434\u0435\u043b\u0435\u043d\u0438 \u043e\u0442 \u0441\u044a\u043e\u0442\u0432\u0435\u0442\u043d\u043e\u0442\u043e \u0437\u0430\u043a\u043e\u043d\u043e\u0434\u0430\u0442\u0435\u043b\u0441\u0442\u0432\u043e \u0438 \u0446\u0435\u043b\u0442\u0430 \u043d\u0430 \u043e\u0431\u0440\u0430\u0431\u043e\u0442\u043a\u0430\u0442\u0430.<\/p>\n\n\n\n<p>\u041f\u0440\u0430\u0432\u0430 \u043d\u0430 \u0441\u0443\u0431\u0435\u043a\u0442\u0430 \u043d\u0430 \u0434\u0430\u043d\u043d\u0438\u0442\u0435: \u0412 \u0441\u044a\u043e\u0442\u0432\u0435\u0442\u0441\u0442\u0432\u0438\u0435 \u0441 \u041a\u0412\u041a\u041a, \u043a\u0430\u0442\u043e \u0441\u0443\u0431\u0435\u043a\u0442\u0438 \u043d\u0430 \u0434\u0430\u043d\u043d\u0438, \u0440\u0430\u0437\u043f\u043e\u043b\u0430\u0433\u0430\u0442\u0435 \u0441 \u043e\u043f\u0440\u0435\u0434\u0435\u043b\u0435\u043d\u0438 \u043f\u0440\u0430\u0432\u0430 \u043e\u0442\u043d\u043e\u0441\u043d\u043e \u043e\u0431\u0440\u0430\u0431\u043e\u0442\u043a\u0430\u0442\u0430 \u043d\u0430 \u0432\u0430\u0448\u0438\u0442\u0435 \u043b\u0438\u0447\u043d\u0438 \u0434\u0430\u043d\u043d\u0438. \u041c\u043e\u0436\u0435\u0442\u0435 \u0434\u0430 \u0438\u0437\u043f\u043e\u043b\u0437\u0432\u0430\u0442\u0435 \u043a\u043e\u043d\u0442\u0430\u043a\u0442\u043d\u0438\u0442\u0435 \u043a\u0430\u043d\u0430\u043b\u0438, \u043f\u0440\u0435\u0434\u043e\u0441\u0442\u0430\u0432\u0435\u043d\u0438 \u0432 \u0440\u0430\u0437\u0434\u0435\u043b\u0430 \u0441 \u041a\u043e\u043d\u0442\u0430\u043a\u0442\u043d\u0430 \u0438\u043d\u0444\u043e\u0440\u043c\u0430\u0446\u0438\u044f \u043d\u0430 \u041a\u043e\u043c\u043f\u0430\u043d\u0438\u044f\u0442\u0430, \u0437\u0430 \u0434\u0430 \u0443\u043f\u0440\u0430\u0436\u043d\u0438\u0442\u0435 \u0442\u0435\u0437\u0438 \u043f\u0440\u0430\u0432\u0430<\/p>\n\n\n\n<p>\u0421\u0438\u0433\u0443\u0440\u043d\u043e\u0441\u0442 \u043d\u0430 \u043b\u0438\u0447\u043d\u0438\u0442\u0435 \u0434\u0430\u043d\u043d\u0438: \u0421\u0430 \u043f\u0440\u0435\u0434\u043f\u0440\u0438\u0435\u0442\u0438 \u043d\u0435\u043e\u0431\u0445\u043e\u0434\u0438\u043c\u0438\u0442\u0435 \u0442\u0435\u0445\u043d\u0438\u0447\u0435\u0441\u043a\u0438 \u0438 \u0430\u0434\u043c\u0438\u043d\u0438\u0441\u0442\u0440\u0430\u0442\u0438\u0432\u043d\u0438 \u043c\u0435\u0440\u043a\u0438 \u0437\u0430 \u043e\u0441\u0438\u0433\u0443\u0440\u044f\u0432\u0430\u043d\u0435 \u043d\u0430 \u0441\u0438\u0433\u0443\u0440\u043d\u043e\u0441\u0442\u0442\u0430 \u043d\u0430 \u0432\u0430\u0448\u0438\u0442\u0435 \u043b\u0438\u0447\u043d\u0438 \u0434\u0430\u043d\u043d\u0438, \u043a\u0430\u043a\u0442\u043e \u0438 \u0441\u0430 \u0432\u0437\u0435\u0442\u0438 \u043f\u0440\u0435\u0434\u043f\u0430\u0437\u043d\u0438 \u043c\u0435\u0440\u043a\u0438 \u0437\u0430 \u043f\u0440\u0435\u0434\u043e\u0442\u0432\u0440\u0430\u0442\u044f\u0432\u0430\u043d\u0435 \u043d\u0430 \u043d\u0435\u043e\u0442\u043e\u0440\u0438\u0437\u0438\u0440\u0430\u043d \u0434\u043e\u0441\u0442\u044a\u043f, \u0438\u0437\u043f\u043e\u043b\u0437\u0432\u0430\u043d\u0435 \u0438\u043b\u0438 \u0440\u0430\u0437\u043a\u0440\u0438\u0432\u0430\u043d\u0435 \u043d\u0430 \u0432\u0430\u0448\u0438\u0442\u0435 \u043b\u0438\u0447\u043d\u0438 \u0434\u0430\u043d\u043d\u0438.<\/p>\n\n\n\n<p>\u0411\u0438\u0441\u043a\u0432\u0438\u0442\u043a\u0438 (Cookies): \u041c\u043e\u0436\u0435\u0442\u0435 \u0434\u0430 \u043d\u0430\u043c\u0435\u0440\u0438\u0442\u0435 \u043f\u043e\u0434\u0440\u043e\u0431\u043d\u0430 \u0438\u043d\u0444\u043e\u0440\u043c\u0430\u0446\u0438\u044f \u0437\u0430 \u0438\u0437\u043f\u043e\u043b\u0437\u0432\u0430\u043d\u0435\u0442\u043e \u043d\u0430 \u0431\u0438\u0441\u043a\u0432\u0438\u0442\u043a\u0438 \u043f\u0440\u0438 \u043f\u043e\u0441\u0435\u0449\u0435\u043d\u0438\u0435\u0442\u043e \u043d\u0430 \u043d\u0430\u0448\u0438\u044f \u0443\u0435\u0431\u0441\u0430\u0439\u0442 \u0432 \u0440\u0430\u0437\u0434\u0435\u043b\u0430 \u041f\u043e\u043b\u0438\u0442\u0438\u043a\u0430 \u0437\u0430 \u0431\u0438\u0441\u043a\u0432\u0438\u0442\u043a\u0438\u0442\u0435.<\/p>\n\n\n\n<p>\u0417\u0430 \u0434\u0430 \u043f\u043e\u043b\u0443\u0447\u0438\u0442\u0435 \u043f\u043e\u0432\u0435\u0447\u0435 \u0438\u043d\u0444\u043e\u0440\u043c\u0430\u0446\u0438\u044f \u043e\u0442\u043d\u043e\u0441\u043d\u043e \u043e\u0431\u0440\u0430\u0431\u043e\u0442\u043a\u0430\u0442\u0430 \u043d\u0430 \u0432\u0430\u0448\u0438\u0442\u0435 \u043b\u0438\u0447\u043d\u0438 \u0434\u0430\u043d\u043d\u0438 \u0438\u043b\u0438 \u0434\u0430 \u0443\u043f\u0440\u0430\u0436\u043d\u0438\u0442\u0435 \u043f\u0440\u0430\u0432\u0430\u0442\u0430 \u0441\u0438 \u043f\u043e \u041a\u0412\u041a\u041a, \u043c\u043e\u043b\u044f \u0441\u0432\u044a\u0440\u0436\u0435\u0442\u0435 \u0441\u0435 \u0441 \u043d\u0430\u0441<\/p>\n\n\n\n<p>\u0421 \u0443\u0432\u0430\u0436\u0435\u043d\u0438\u0435,<\/p>","protected":false},"excerpt":{"rendered":"<p>Say\u0131n Ziyaret\u00e7i, Pelsan Pelet Sanayi ve Ticaret Anonim \u015eirketi (&#8220;\u015eirket&#8221;), m\u00fc\u015fterilerinin ve web sitesi ziyaret\u00e7ilerinin ki\u015fisel verilerinin gizlili\u011fini \u00f6nemsemekte ve korumakta b\u00fcy\u00fck bir hassasiyet g\u00f6stermektedir. Bu nedenle, \u015eirket olarak, KVKK kapsam\u0131nda ki\u015fisel verilerinizi i\u015flemek ve korumak i\u00e7in gerekli \u00f6nlemleri almaktay\u0131z. KVKK kapsam\u0131nda, ki\u015fisel verilerinizin i\u015flenmesi, saklanmas\u0131 ve g\u00fcvenli\u011fine ili\u015fkin olarak a\u015fa\u011f\u0131daki hususlar\u0131 bilmenizi isteriz: Veri [&hellip;]<\/p>","protected":false},"author":2,"featured_media":0,"parent":0,"menu_order":0,"comment_status":"closed","ping_status":"closed","template":"","meta":{"footnotes":""},"class_list":["post-289","page","type-page","status-publish","hentry"],"_links":{"self":[{"href":"https:\/\/pelsanpelet.com.tr\/bg\/wp-json\/wp\/v2\/pages\/289","targetHints":{"allow":["GET"]}}],"collection":[{"href":"https:\/\/pelsanpelet.com.tr\/bg\/wp-json\/wp\/v2\/pages"}],"about":[{"href":"https:\/\/pelsanpelet.com.tr\/bg\/wp-json\/wp\/v2\/types\/page"}],"author":[{"embeddable":true,"href":"https:\/\/pelsanpelet.com.tr\/bg\/wp-json\/wp\/v2\/users\/2"}],"replies":[{"embeddable":true,"href":"https:\/\/pelsanpelet.com.tr\/bg\/wp-json\/wp\/v2\/comments?post=289"}],"version-history":[{"count":1,"href":"https:\/\/pelsanpelet.com.tr\/bg\/wp-json\/wp\/v2\/pages\/289\/revisions"}],"predecessor-version":[{"id":290,"href":"https:\/\/pelsanpelet.com.tr\/bg\/wp-json\/wp\/v2\/pages\/289\/revisions\/290"}],"wp:attachment":[{"href":"https:\/\/pelsanpelet.com.tr\/bg\/wp-json\/wp\/v2\/media?parent=289"}],"curies":[{"name":"wp","href":"https:\/\/api.w.org\/{rel}","templated":true}]}}