{"id":233,"date":"2024-05-31T06:04:51","date_gmt":"2024-05-31T06:04:51","guid":{"rendered":"https:\/\/pelsanpelet.com.tr\/?page_id=233"},"modified":"2024-06-11T08:14:40","modified_gmt":"2024-06-11T08:14:40","slug":"kurumsal","status":"publish","type":"page","link":"https:\/\/pelsanpelet.com.tr\/bg\/kurumsal\/","title":{"rendered":"\u041e\u0442\u043d\u043e\u0441\u043d\u043e \u043d\u0430\u0441"},"content":{"rendered":"<div data-elementor-type=\"wp-page\" data-elementor-id=\"233\" class=\"elementor elementor-233\" data-elementor-post-type=\"page\">\n\t\t\t\t\t\t<section class=\"elementor-section elementor-top-section elementor-element elementor-element-1636c56c elementor-section-boxed elementor-section-height-default elementor-section-height-default\" data-id=\"1636c56c\" data-element_type=\"section\" data-settings=\"{&quot;background_background&quot;:&quot;classic&quot;}\">\n\t\t\t\t\t\t\t<div class=\"elementor-background-overlay\"><\/div>\n\t\t\t\t\t\t\t<div class=\"elementor-container elementor-column-gap-default\">\n\t\t\t\t\t<div class=\"elementor-column elementor-col-100 elementor-top-column elementor-element elementor-element-64ed06fb\" data-id=\"64ed06fb\" data-element_type=\"column\">\n\t\t\t<div class=\"elementor-widget-wrap elementor-element-populated\">\n\t\t\t\t\t\t<div class=\"elementor-element elementor-element-2ae7282d elementor-invisible elementor-widget elementor-widget-heading\" data-id=\"2ae7282d\" data-element_type=\"widget\" data-settings=\"{&quot;_animation&quot;:&quot;fadeInUp&quot;}\" data-widget_type=\"heading.default\">\n\t\t\t\t<div class=\"elementor-widget-container\">\n\t\t\t<style>\/*! elementor - v3.20.0 - 11-03-2024 *\/\n.elementor-heading-title{padding:0;margin:0;line-height:1}.elementor-widget-heading .elementor-heading-title[class*=elementor-size-]>a{color:inherit;font-size:inherit;line-height:inherit}.elementor-widget-heading .elementor-heading-title.elementor-size-small{font-size:15px}.elementor-widget-heading .elementor-heading-title.elementor-size-medium{font-size:19px}.elementor-widget-heading .elementor-heading-title.elementor-size-large{font-size:29px}.elementor-widget-heading .elementor-heading-title.elementor-size-xl{font-size:39px}.elementor-widget-heading .elementor-heading-title.elementor-size-xxl{font-size:59px}<\/style><h1 class=\"elementor-heading-title elementor-size-default\">\u041e\u0442\u043d\u043e\u0441\u043d\u043e \u043d\u0430\u0441<\/h1>\t\t<\/div>\n\t\t\t\t<\/div>\n\t\t\t\t\t<\/div>\n\t\t<\/div>\n\t\t\t\t\t<\/div>\n\t\t<\/section>\n\t\t\t\t<section class=\"elementor-section elementor-top-section elementor-element elementor-element-49d9ce2d elementor-section-boxed elementor-section-height-default elementor-section-height-default\" data-id=\"49d9ce2d\" data-element_type=\"section\" data-settings=\"{&quot;background_background&quot;:&quot;classic&quot;}\">\n\t\t\t\t\t\t\t<div class=\"elementor-background-overlay\"><\/div>\n\t\t\t\t\t\t\t<div class=\"elementor-container elementor-column-gap-default\">\n\t\t\t\t\t<div class=\"elementor-column elementor-col-100 elementor-top-column elementor-element elementor-element-62ad9d15\" data-id=\"62ad9d15\" data-element_type=\"column\">\n\t\t\t<div class=\"elementor-widget-wrap elementor-element-populated\">\n\t\t\t\t\t\t<div class=\"elementor-element elementor-element-432d966e elementor-widget elementor-widget-heading\" data-id=\"432d966e\" data-element_type=\"widget\" data-widget_type=\"heading.default\">\n\t\t\t\t<div class=\"elementor-widget-container\">\n\t\t\t<h2 class=\"elementor-heading-title elementor-size-default\">Pelsan \u041f\u0435\u043b\u0435\u0442 \u0418\u043d\u0434\u0443\u0441\u0442\u0440\u0438 \u0438 \u0422\u044a\u0440\u0433\u043e\u0432\u0438\u044f \u0410\u0414 <\/h2>\t\t<\/div>\n\t\t\t\t<\/div>\n\t\t\t\t<div class=\"elementor-element elementor-element-433ff37f elementor-widget elementor-widget-text-editor\" data-id=\"433ff37f\" data-element_type=\"widget\" data-widget_type=\"text-editor.default\">\n\t\t\t\t<div class=\"elementor-widget-container\">\n\t\t\t<style>\/*! elementor - v3.20.0 - 11-03-2024 *\/\n.elementor-widget-text-editor.elementor-drop-cap-view-stacked .elementor-drop-cap{background-color:#69727d;color:#fff}.elementor-widget-text-editor.elementor-drop-cap-view-framed .elementor-drop-cap{color:#69727d;border:3px solid;background-color:transparent}.elementor-widget-text-editor:not(.elementor-drop-cap-view-default) .elementor-drop-cap{margin-top:8px}.elementor-widget-text-editor:not(.elementor-drop-cap-view-default) .elementor-drop-cap-letter{width:1em;height:1em}.elementor-widget-text-editor .elementor-drop-cap{float:left;text-align:center;line-height:1;font-size:50px}.elementor-widget-text-editor .elementor-drop-cap-letter{display:inline-block}<\/style>\t\t\t\t<p>\u041e\u0441\u043d\u043e\u0432\u0430\u043d\u0430 \u043f\u0440\u0435\u0437 2022 \u0433\u043e\u0434\u0438\u043d\u0430, Pelsan \u041f\u0435\u043b\u0435\u0442 \u0418\u043d\u0434\u0443\u0441\u0442\u0440\u0438 \u0438 \u0422\u044a\u0440\u0433\u043e\u0432\u0438\u044f \u0410\u0414 \u0440\u0430\u0431\u043e\u0442\u0438 \u0441 \u0433\u043e\u0434\u0438\u0448\u043d\u0430 \u043f\u0440\u043e\u0438\u0437\u0432\u043e\u0434\u0441\u0442\u0432\u0435\u043d\u0430 \u0441\u043f\u043e\u0441\u043e\u0431\u043d\u043e\u0441\u0442 \u043e\u0442 11 400 \u0442\u043e\u043d\u0430 \u043f\u0435\u043b\u0435\u0442\u0438.<\/p><p>\u0421 \u0443\u0441\u0442\u043e\u0439\u0447\u0438\u0432\u043e\u0441\u0442\u0442\u0430 \u0438 \u043e\u0441\u044a\u0437\u043d\u0430\u0432\u0430\u043d\u0435\u0442\u043e \u0437\u0430 \u043e\u043a\u043e\u043b\u043d\u0430\u0442\u0430 \u0441\u0440\u0435\u0434\u0430, \u0441\u0442\u0430\u0432\u0430 \u0432\u0441\u0435 \u043f\u043e-\u0432\u0430\u0436\u043d\u043e, \u0447\u0435 \u043f\u0440\u043e\u0438\u0437\u0432\u043e\u0434\u0441\u0442\u0432\u043e\u0442\u043e \u0437\u0430\u043f\u043e\u0447\u0432\u0430 \u0441 \u0446\u0435\u043b \u0437\u0430\u0434\u043e\u0432\u043e\u043b\u044f\u0432\u0430\u043d\u0435 \u043d\u0430 \u043e\u0442\u043e\u043f\u043b\u0438\u0442\u0435\u043b\u043d\u0438\u0442\u0435 \u043d\u0443\u0436\u0434\u0438, \u043a\u0430\u0442\u043e \u0441\u0435 \u0441\u0442\u0440\u0435\u043c\u0438 \u0434\u0430 \u0437\u0430\u043f\u0430\u0437\u0438 \u043f\u0440\u0438\u0440\u043e\u0434\u043d\u0438\u0442\u0435 \u0440\u0435\u0441\u0443\u0440\u0441\u0438.<\/p><p>\u041d\u0438\u0435 \u0441\u043c\u0435 \u0442\u0443\u043a, \u0437\u0430 \u0434\u0430 \u043f\u0440\u0435\u0434\u043b\u043e\u0436\u0438\u043c \u0440\u0435\u0448\u0435\u043d\u0438\u0435\u0442\u043e, \u043a\u043e\u0435\u0442\u043e \u0442\u044a\u0440\u0441\u0438\u0442\u0435, \u043a\u0430\u0442\u043e \u043e\u0441\u0438\u0433\u0443\u0440\u044f\u0432\u0430\u043c\u0435 \u043a\u043e\u043c\u0444\u043e\u0440\u0442\u043d\u043e \u043e\u0442\u043e\u043f\u043b\u0435\u043d\u0438\u0435 \u0431\u0435\u0437 \u0434\u0430 \u0432\u0440\u0435\u0434\u0438\u043c \u043d\u0430 \u043e\u043a\u043e\u043b\u043d\u0430\u0442\u0430 \u0441\u0440\u0435\u0434\u0430. \u0424\u0438\u0440\u043c\u0430 Pelsan Pellet \u0435 \u0441\u043f\u0435\u0446\u0438\u0430\u043b\u0438\u0437\u0438\u0440\u0430\u043d\u0430 \u0432 \u043f\u0440\u043e\u0438\u0437\u0432\u043e\u0434\u0441\u0442\u0432\u043e\u0442\u043e \u043d\u0430 \u043f\u0435\u043b\u0435\u0442\u043d\u043e \u0433\u043e\u0440\u0438\u0432\u043e, \u043a\u043e\u0435\u0442\u043e \u0435 \u0432\u044a\u0437\u043e\u0431\u043d\u043e\u0432\u044f\u0435\u043c \u0438\u0437\u0442\u043e\u0447\u043d\u0438\u043a \u043d\u0430 \u0435\u043d\u0435\u0440\u0433\u0438\u044f.<\/p><p>\u041f\u0435\u043b\u0435\u0442\u0438\u0442\u0435, \u043f\u043e\u043b\u0443\u0447\u0435\u043d\u0438 \u043e\u0442 \u0440\u0435\u0446\u0438\u043a\u043b\u0438\u0440\u0430\u043d\u0435 \u043d\u0430 \u043e\u0442\u043f\u0430\u0434\u044a\u0447\u043d\u043e \u0434\u044a\u0440\u0432\u043e \u0438 \u0431\u0438\u043e-\u043c\u0430\u0442\u0435\u0440\u0438\u0430\u043b\u0438, \u043e\u0441\u0438\u0433\u0443\u0440\u044f\u0432\u0430\u0442 \u0432\u0438\u0441\u043e\u043a\u0430 \u0435\u0444\u0435\u043a\u0442\u0438\u0432\u043d\u043e\u0441\u0442 \u043d\u0430 \u043e\u0442\u043e\u043f\u043b\u0435\u043d\u0438\u0435\u0442\u043e \u0438 \u043c\u0438\u043d\u0438\u043c\u0438\u0437\u0438\u0440\u0430\u0442 \u0432\u044a\u0433\u043b\u0435\u0440\u043e\u0434\u043d\u0438\u044f \u043e\u0442\u043f\u0435\u0447\u0430\u0442\u044a\u043a.<\/p><p>\u0422\u0435 \u043c\u043e\u0433\u0430\u0442 \u0434\u0430 \u0441\u0435 \u0438\u0437\u043f\u043e\u043b\u0437\u0432\u0430\u0442 \u043a\u0430\u043a\u0442\u043e \u0432 \u0434\u043e\u043c\u043e\u0432\u0435\u0442\u0435, \u0442\u0430\u043a\u0430 \u0438 \u0432 \u043a\u043e\u043c\u0435\u0440\u0441\u0438\u0430\u043b\u043d\u0438\u0442\u0435 \u043f\u0440\u0435\u0434\u043f\u0440\u0438\u044f\u0442\u0438\u044f \u0438 \u0432 \u0441\u0440\u0430\u0432\u043d\u0435\u043d\u0438\u0435 \u0441 \u0442\u0440\u0430\u0434\u0438\u0446\u0438\u043e\u043d\u043d\u0438\u0442\u0435 \u0444\u043e\u0441\u0438\u043b\u043d\u0438 \u0433\u043e\u0440\u0438\u0432\u0430 \u0437\u043d\u0430\u0447\u0438\u0442\u0435\u043b\u043d\u043e \u043d\u0430\u043c\u0430\u043b\u044f\u0432\u0430\u0442 \u043e\u043a\u043e\u043b\u043d\u0438\u0442\u0435 \u0432\u043b\u0438\u044f\u043d\u0438\u044f.<\/p><p>\u041d\u0430\u0448\u0438\u0442\u0435 \u043f\u0440\u043e\u0434\u0443\u043a\u0442\u0438 \u0441\u0430 \u043e\u0442 \u0432\u0438\u0441\u043e\u043a\u043e \u043a\u0430\u0447\u0435\u0441\u0442\u0432\u043e \u0438 \u043e\u0442\u0433\u043e\u0432\u0430\u0440\u044f\u0442 \u043d\u0430 \u0441\u0442\u0440\u043e\u0433\u0438 \u0441\u0442\u0430\u043d\u0434\u0430\u0440\u0442\u0438 \u0437\u0430 \u0435\u0444\u0435\u043a\u0442\u0438\u0432\u043d\u043e\u0441\u0442 \u0438 \u043d\u0430\u0434\u0435\u0436\u0434\u043d\u043e\u0441\u0442. \u041a\u0430\u0442\u043e Pelsan Pellet, \u0432\u0438\u043d\u0430\u0433\u0438 \u043e\u0442\u0434\u0430\u0432\u0430\u043c\u0435 \u043f\u0440\u0438\u043e\u0440\u0438\u0442\u0435\u0442 \u043d\u0430 \u043d\u0430\u0448\u0430\u0442\u0430 \u0435\u043a\u043e\u043b\u043e\u0433\u0438\u0447\u043d\u0430 \u0447\u0443\u0432\u0441\u0442\u0432\u0438\u0442\u0435\u043b\u043d\u043e\u0441\u0442 \u0438 \u0430\u043d\u0433\u0430\u0436\u0438\u0440\u0430\u043d\u043e\u0441\u0442 \u043a\u044a\u043c \u043a\u0430\u0447\u0435\u0441\u0442\u0432\u0435\u043d\u043e\u0442\u043e \u043e\u0431\u0441\u043b\u0443\u0436\u0432\u0430\u043d\u0435.<\/p><p>\u041d\u0430\u0448\u0430\u0442\u0430 \u043c\u0438\u0441\u0438\u044f \u0435 \u0434\u0430 \u043f\u043e\u0434\u043e\u0431\u0440\u0438\u043c \u043a\u0430\u0447\u0435\u0441\u0442\u0432\u043e\u0442\u043e \u043d\u0430 \u0436\u0438\u0432\u043e\u0442 \u043d\u0430 \u043d\u0430\u0448\u0438\u0442\u0435 \u043a\u043b\u0438\u0435\u043d\u0442\u0438, \u043a\u0430\u0442\u043e \u0438\u043c \u043f\u0440\u0435\u0434\u043e\u0441\u0442\u0430\u0432\u044f\u043c\u0435 \u0435\u043a\u043e\u043b\u043e\u0433\u0438\u0447\u043d\u0438, \u0438\u043a\u043e\u043d\u043e\u043c\u0438\u0447\u043d\u0438 \u0438 \u043d\u0430\u0434\u0435\u0436\u0434\u043d\u0438 \u043e\u0442\u043e\u043f\u043b\u0438\u0442\u0435\u043b\u043d\u0438 \u0440\u0435\u0448\u0435\u043d\u0438\u044f.<\/p><p>\u0410\u043a\u043e \u0442\u044a\u0440\u0441\u0438\u0442\u0435 \u0435\u043a\u043e\u043b\u043e\u0433\u0438\u0447\u043d\u043e \u043f\u0440\u0438\u044f\u0442\u043d\u043e \u043e\u0442\u043e\u043f\u043b\u0438\u0442\u0435\u043b\u043d\u043e \u0440\u0435\u0448\u0435\u043d\u0438\u0435, Pelsan Pelet \u0424\u0438\u0440\u043c\u0430 \u0435 \u0433\u043e\u0442\u043e\u0432\u0430 \u0434\u0430 \u0432\u0438 \u043f\u0440\u0435\u0434\u043e\u0441\u0442\u0430\u0432\u0438 \u043d\u0430\u0439-\u0434\u043e\u0431\u0440\u043e\u0442\u043e \u043e\u0431\u0441\u043b\u0443\u0436\u0432\u0430\u043d\u0435. \u041f\u0435\u043b\u0435\u0442\u0438\u0442\u0435 \u0441\u044a\u0441 \u0441\u044a\u0434\u044a\u0440\u0436\u0430\u043d\u0438\u0435 \u043d\u0430 \u043f\u0435\u043f\u0435\u043b \u043e\u0442 \u0441\u0430\u043c\u043e 0.5% \u0441\u0430 \u0438 \u0438\u043a\u043e\u043d\u043e\u043c\u0438\u0447\u043d\u0438, \u0438 \u0435\u043a\u043e\u043b\u043e\u0433\u0438\u0447\u043d\u043e \u0447\u0438\u0441\u0442 \u043f\u0440\u043e\u0434\u0443\u043a\u0442. \u0413\u043e\u0440\u0435\u043d\u0435\u0442\u043e \u043d\u0430 100 \u043a\u0433 \u043f\u0435\u043b\u0435\u0442\u0438 \u043f\u0440\u043e\u0438\u0437\u0432\u0435\u0436\u0434\u0430 \u0441\u0430\u043c\u043e 0.5 \u043a\u0433 \u043f\u0435\u043f\u0435\u043b \u0432 \u0441\u0440\u0435\u0434\u043d\u043e.<\/p>\t\t\t\t\t\t<\/div>\n\t\t\t\t<\/div>\n\t\t\t\t\t<\/div>\n\t\t<\/div>\n\t\t\t\t\t<\/div>\n\t\t<\/section>\n\t\t\t\t<\/div>","protected":false},"excerpt":{"rendered":"<p>Pelsan Pelet ve Sanayi Ticaret A.\u015f 2022 y\u0131l\u0131nda kurulan Pelsan Pelet ve Sanayi Ticaret A.\u015f ; Y\u0131ll\u0131k 11.400 Ton Pelet \u00fcretimi kapasitesiyle hizmet vermektedir. S\u00fcrd\u00fcr\u00fclebilirlik ve \u00e7evresel bilin\u00e7 giderek daha \u00f6nemli hale gelirken, \u0131s\u0131tma ihtiya\u00e7lar\u0131n\u0131z\u0131 kar\u015f\u0131larken do\u011fal kaynaklar\u0131 korumak amac\u0131yla \u00fcretime ba\u015flam\u0131\u015ft\u0131r. Arad\u0131\u011f\u0131n\u0131z \u00e7\u00f6z\u00fcm\u00fc sunan , do\u011faya zarar vermeden konforlu bir \u0131s\u0131nma sa\u011flamak i\u00e7in buraday\u0131z. [&hellip;]<\/p>","protected":false},"author":2,"featured_media":0,"parent":0,"menu_order":0,"comment_status":"closed","ping_status":"closed","template":"","meta":{"footnotes":""},"class_list":["post-233","page","type-page","status-publish","hentry"],"_links":{"self":[{"href":"https:\/\/pelsanpelet.com.tr\/bg\/wp-json\/wp\/v2\/pages\/233","targetHints":{"allow":["GET"]}}],"collection":[{"href":"https:\/\/pelsanpelet.com.tr\/bg\/wp-json\/wp\/v2\/pages"}],"about":[{"href":"https:\/\/pelsanpelet.com.tr\/bg\/wp-json\/wp\/v2\/types\/page"}],"author":[{"embeddable":true,"href":"https:\/\/pelsanpelet.com.tr\/bg\/wp-json\/wp\/v2\/users\/2"}],"replies":[{"embeddable":true,"href":"https:\/\/pelsanpelet.com.tr\/bg\/wp-json\/wp\/v2\/comments?post=233"}],"version-history":[{"count":14,"href":"https:\/\/pelsanpelet.com.tr\/bg\/wp-json\/wp\/v2\/pages\/233\/revisions"}],"predecessor-version":[{"id":353,"href":"https:\/\/pelsanpelet.com.tr\/bg\/wp-json\/wp\/v2\/pages\/233\/revisions\/353"}],"wp:attachment":[{"href":"https:\/\/pelsanpelet.com.tr\/bg\/wp-json\/wp\/v2\/media?parent=233"}],"curies":[{"name":"wp","href":"https:\/\/api.w.org\/{rel}","templated":true}]}}